{"id":2031,"date":"2021-11-04T11:52:19","date_gmt":"2021-11-04T10:52:19","guid":{"rendered":"https:\/\/annamaldonadojoyas.com\/?page_id=2031"},"modified":"2021-11-08T18:56:53","modified_gmt":"2021-11-08T17:56:53","slug":"aviso-legal","status":"publish","type":"page","link":"https:\/\/annamaldonadojoyas.com\/ca\/aviso-legal\/","title":{"rendered":"Av\u00eds Legal"},"content":{"rendered":"<h2><strong>OBJECTE\u00a0<\/strong><\/h2>\n<p class=\"translation-block\">El present av\u00eds legal regula l'\u00fas i la utilitzaci\u00f3 del lloc web <a href=\"https:\/\/annamaldonadojoyas.com\/ca\/\" rel=\"nofollow\" target=\"_self\">http:\/\/www.annamaldonadojoyas.com<\/a>, del que n'\u00e9s titular AGP ATELIER 1913, S.L. (en endavant, AGP ATELIER 1913).<\/p>\n<p>La navegaci\u00f3 pel lloc web d'AGP ATELIER 1913 li atribueix la condici\u00f3 d'USUARI del mateix i comporta la seva acceptaci\u00f3 plena i sense reserves de totes i cadascuna de les condicions publicades en aquest av\u00eds legal, advertint de que les condicions esmentades podran ser modificades sense notificaci\u00f3 pr\u00e8via per part d'AGP ATELIER 1913, pel que es procedir\u00e0 a la seva publicaci\u00f3 i av\u00eds amb la m\u00e0xima antel\u00b7laci\u00f3 possible.<\/p>\n<p>Per aix\u00f2 \u00e9s recomanable llegir atentament el seu contingut en cas de desitjar accedir i fer \u00fas de la informaci\u00f3 i dels serveis oferts des d'aquest lloc web.<\/p>\n<p>L'usuari a m\u00e9s, s'obliga a fer un \u00fas correcte del lloc web de conformitat amb les lleis, la bona fe, l'ordre p\u00fablic, els usos del tr\u00e0nsit i el present Av\u00eds Legal, i respondr\u00e0 enfront de AGP ATELIER 1913 o enfront de tercers, de qualssevol danys i perjudicis que poguessin causar-se com a conseq\u00fc\u00e8ncia de l'incompliment d'aquesta obligaci\u00f3.<\/p>\n<p>Qualsevol utilitzaci\u00f3 diferent a l'autoritzada est\u00e0 expressament prohibida, podent AGP ATELIER 1913 denegar o retirar l'acc\u00e9s i el seu \u00fas en qualsevol moment.<\/p>\n<h2><strong>1. IDENTIFICACI\u00d3\u00a0<\/strong><\/h2>\n<p>AGP ATELIER 1913, en compliment de la Llei 34\/2002, d'11 de juliol, de Serveis de la Societat de la Informaci\u00f3 i de Comer\u00e7 Electr\u00f2nic, l'informa que:<\/p>\n<p>\u00b7 La seva denominaci\u00f3 social \u00e9s: AGP ATELIER 1913, S.L.<br \/>\n\u00b7 El seu nom comercial \u00e9s: AGP ATELIER 1913<br \/>\n\u00b7 El seu CIF \u00e9s: B66898610.<br \/>\n\u00b7 El seu domicili social est\u00e0 a: c\/ Viladomat, 97 \u2013 08015 BARCELONA (ESPA\u00d1A).<\/p>\n<h2><strong>2. COMUNICACIONS\u00a0<\/strong><\/h2>\n<p>Per a comunicar-se amb nosaltres, posem a la seva disposici\u00f3 diferents mitjans de contacte que detallem a continuaci\u00f3:<\/p>\n<p>\u00b7 Tel\u00e8fon: 679 19 60 55.<br \/>\n\u00b7 Email: info@annamaldonadojoyas.com.<br \/>\n\u00b7 Direcci\u00f3 postal: c\/ Viladomat, 97 \u2013 08015 BARCELONA (ESPA\u00d1A).<\/p>\n<p>Totes les notificacions i comunicacions entre els usuaris i AGP ATELIER 1913 es consideraran eficaces, amb car\u00e0cter general, quan es realitzin a trav\u00e9s de qualsevol mitj\u00e0 dels detallats anteriorment.<\/p>\n<h2><strong>3. CONDICIONS D'ACC\u00c8S I UTILITZACI\u00d3<\/strong><\/h2>\n<p>El lloc web i els seus serveis s\u00f3n d'acc\u00e9s lliure i gratu\u00eft. No obstant aix\u00f2, AGP ATELIER 1913 pot condicionar la utilitzaci\u00f3 d'alguns dels serveis oferts en el seu web al previ emplenament del corresponent formulari.<\/p>\n<p>L'usuari garanteix l'autenticitat i actualitat de totes aquelles dades que comuniqui a AGP ATELIER 1913 i ser\u00e0 l'\u00fanic responsable de les manifestacions falses o inexactes que realitzi.<\/p>\n<p>L'usuari es compromet expressament a fer un \u00fas adequat dels continguts i serveis de AGP ATELIER 1913 i a no emprar-los per a, entre altres:<\/p>\n<p>a) Difondre continguts delictius, violents, pornogr\u00e0fics, racistes, xen\u00f2fobs, ofensius, d'apologia del terrorisme o, en general, contraris a la llei o a l'ordre p\u00fablic.<br \/>\nb) Introduir en la xarxa virus inform\u00e0tics o realitzar actuacions susceptibles d'alterar, espatllar, interrompre o generar errors o danys en els documents electr\u00f2nics, dades o sistemes f\u00edsics i l\u00f2gics de AGP ATELIER 1913  o de terceres persones; aix\u00ed com obstaculitzar l'acc\u00e9s d'altres usuaris al lloc web i als seus serveis mitjan\u00e7ant el consum massiu dels recursos inform\u00e0tics a trav\u00e9s dels quals AGP ATELIER 1913 presta els seus serveis.<br \/>\nc) Intentar accedir als comptes de correu electr\u00f2nic d'altres usuaris o a \u00e0rees restringides dels sistemes inform\u00e0tics d'AGP ATELIER 1913 o de tercers i, si escau, extreure informaci\u00f3.<br \/>\nd) Vulnerar els drets de propietat intel\u00b7lectual o industrial, aix\u00ed com violar la confidencialitat de la informaci\u00f3 d'AGP ATELIER 1913 o de tercers.<br \/>\ne) Suplantar la identitat de qualsevol altre usuari.<br \/>\nf) Reproduir, copiar, distribuir, posar a la disposici\u00f3 de, o qualsevol altra forma de comunicaci\u00f3 p\u00fablica, transformar o modificar els continguts, tret que es compti amb l'autoritzaci\u00f3 del titular dels corresponents drets o aix\u00f2 resulti legalment perm\u00e8s.<br \/>\ng) Recaptar dades amb finalitat publicit\u00e0ria i de remetre publicitat de qualsevol classe i comunicacions amb finalitats de venda o unes altres de naturalesa comercial sense que medi\u00ef la seva pr\u00e8via sol\u00b7licitud o consentiment.<\/p>\n<p>Tots els continguts del lloc web, com a textos, fotografies, gr\u00e0fics, imatges, icones, tecnologia, programari, aix\u00ed com el seu disseny gr\u00e0fic i codis font, constitueixen una obra la propietat de la qual pertany a AGP ATELIER 1913, sense que puguin entendre's cedits a l'usuari cap dels drets d'explotaci\u00f3 sobre els mateixos m\u00e9s enll\u00e0 de l'estrictament necessari per al correcte \u00fas de la web.<\/p>\n<p>En definitiva, els usuaris que accedeixin a aquest lloc web poden visualitzar els continguts i efectuar, si escau, c\u00f2pies privades autoritzades sempre que els elements reprodu\u00efts no siguin cedits posteriorment a tercers, ni s'instal\u00b7lin a servidors connectats a xarxes, ni siguin objecte de cap mena d'explotaci\u00f3.<\/p>\n<p>Aix\u00ed mateix, totes les marques, noms comercials o signes distintius de qualsevol classe que apareixen en el lloc web s\u00f3n propietat d'AGP ATELIER 1913, sense que pugui entendre's que l'\u00fas o acc\u00e9s al mateix atribueixi a l'usuari dret algun sobre aquests.<\/p>\n<p>La distribuci\u00f3, modificaci\u00f3, cessi\u00f3 o comunicaci\u00f3 p\u00fablica dels continguts i qualsevol altre acte que no hagi estat expressament autoritzat pel titular dels drets d'explotaci\u00f3 queden prohibits.<\/p>\n<p>L'establiment d'un hipervincle no implica en cap cas l'exist\u00e8ncia de relacions entre AGP ATELIER 1913 i el propietari del lloc web en la qual s'estableixi, ni l'acceptaci\u00f3 i aprovaci\u00f3 per part d'AGP ATELIER 1913 dels seus continguts o serveis.<\/p>\n<p>AGP ATELIER 1913 no es responsabilitza de l'\u00fas que cada usuari li doni als materials posats a disposici\u00f3 d'aquest lloc web ni de les actuacions que realitzi en base a aquests mateixos.<\/p>\n<p><strong>3.1 EXCLUSI\u00d3 DE GARANTIES I DE RESPONSABILITAT EN L'ACC\u00c9S I LA UTILITZACI\u00d3\u00a0<\/strong><\/p>\n<p>El contingut del present lloc web \u00e9s de car\u00e0cter general i t\u00e9 una finalitat merament informativa, sense que es garanteixi plenament l'acc\u00e9s a tots els continguts, ni la seva exhaustivitat, correcci\u00f3, vig\u00e8ncia o actualitat, ni la seva idone\u00eftat o utilitat per a un objectiu espec\u00edfic.<\/p>\n<p>AGP ATELIER 1913 exclou, fins on permet l'ordenament jur\u00eddic, qualsevol responsabilitat pels danys i perjudicis de tota naturalesa derivats de:<\/p>\n<p>a) La impossibilitat d'acc\u00e9s al lloc web o la falta de veracitat, exactitud, exhaustivitat i\/o actualitat dels continguts, aix\u00ed com l'exist\u00e8ncia de vicis i defectes de tota classe dels continguts transmesos, difosos, emmagatzemats, posats a disposici\u00f3, als quals s'hagi accedit a trav\u00e9s del lloc web o dels serveis que s'ofereixen.<br \/>\nb) La pres\u00e8ncia de virus o d'altres elements en els continguts que puguin produir alteracions en els sistemes inform\u00e0tics, documents electr\u00f2nics o dades dels usuaris.<br \/>\nc) L'incompliment de les lleis, la bona fe, l'ordre p\u00fablic, els usos del tr\u00e0fic i el present av\u00eds legal com a conseq\u00fc\u00e8ncia de l'\u00fas incorrecte del lloc web. En particular, i a mode exemplificatiu, AGP ATELIER 1913 no es fa responsable de les actuacions de tercers que vulnerin els drets de la propietat intel\u00b7lectual i industrial, secrets empresarials, drets a l'honor, a la intimitat personal i familiar i a la pr\u00f2pia imatge, aix\u00ed com la normativa en mat\u00e8ria de compet\u00e8ncia deslleial i publicitat il\u00b7l\u00edcita.<\/p>\n<p>Aix\u00ed mateix, AGP ATELIER 1913 declina qualsevol responsabilitat respecte a la informaci\u00f3 que es trobi fora d'aquesta web i no sigui gestionada directament pel nostre webmaster. La funci\u00f3 dels links que apareixen en aquesta web \u00e9s exclusivament la d'informar l'usuari sobre l'exist\u00e8ncia d'altres fonts susceptibles d'ampliar els continguts que ofereix aquest lloc web. AGP ATELIER 1913 no garanteix ni es responsabilitza del funcionament o accessibilitat dels llocs enlla\u00e7ats; ni suggereix, convida o recomana la visita a aquests, per la qual cosa tampoc ser\u00e0 responsable del resultat obtingut. AGP ATELIER 1913 no es responsabilitza de l'establiment de hiperv\u00ednculos per part de tercers.<\/p>\n<p><strong>3.2 PROCEDIMENT EN CAS DE REALITZACI\u00d3 D'ACTIVITATS DE CAR\u00c0CTER IL\u00b7L\u00cdCIT\u00a0<\/strong><\/p>\n<p>En el cas que qualsevol usuari o un tercer consideri que existeixen fets o circumst\u00e0ncies que revelin el car\u00e0cter il\u00b7l\u00edcit de la utilitzaci\u00f3 de qualsevol contingut i\/o de la realitzaci\u00f3 de qualsevol activitat en les p\u00e0gines web incloses o accessibles a trav\u00e9s del lloc web, haur\u00e0 d'enviar una notificaci\u00f3 a AGP ATELIER 1913 identificant-se degudament i especificant les suposades infraccions.<\/p>\n<p><strong>3.3 PUBLICACIONS<\/strong><\/p>\n<p>La informaci\u00f3 administrativa facilitada a trav\u00e9s del lloc web no substitueix la publicitat legal de les lleis, normatives, plans, disposicions generals i actes que hagin de ser publicats formalment als diaris oficials de les administracions p\u00fabliques, que constitueixen l'\u00fanic instrument que d\u00f3na fe de la seva autenticitat i contingut. La informaci\u00f3 disponible en aquest lloc web ha d'entendre's com una guia sense prop\u00f2sit de validesa legal.<\/p>\n<h2><strong>4. LEGISLACI\u00d3 APLICABLE\u00a0<\/strong><\/h2>\n<p>Les condicions presents es regiran per la legislaci\u00f3 espanyola vigent. La llengua utilitzada ser\u00e0 el camp Castell\u00e0.<\/p>\n<h2><strong>5. POL\u00cdTICA DE PRIVACITAT\u00a0<\/strong><\/h2>\n<p>Qui \u00e9s el responsable del tractament de les seves dades?<\/p>\n<p>AGP ATELIER 1913, S.L.<br \/>\nB66898610<br \/>\nc\/ Viladomat, 97 \u2013 08015 BARCELONA<\/p>\n<p>Quins s\u00f3n els seus drets quan ens facilita les seves dades?<br \/>\nQualsevol persona t\u00e9 dret a obtenir confirmaci\u00f3 sobre si A AGP ATELIER 1913 estem tractant, o no, dades personals que els concerneixin.<\/p>\n<p>Les persones interessades tenen dret a accedir a les seves dades personals, aix\u00ed com a sol\u00b7licitar la rectificaci\u00f3 de les dades inexactes o, si escau, sol\u00b7licitar la seva supressi\u00f3 quan, entre altres motius, les dades ja no siguin necessaris per a les finalitats que van ser recollits. Igualment t\u00e9 dret a la portabilitat de les seves dades.<\/p>\n<p>En determinades circumst\u00e0ncies, els interessats podran sol\u00b7licitar la limitaci\u00f3 del tractament de les seves dades, i en aquest cas \u00fanicament els conservarem per a l'exercici o la defensa de reclamacions.<\/p>\n<p>En determinades circumst\u00e0ncies i per motius relacionats amb la seva situaci\u00f3 particular, els interessats podran oposar-se al tractament de les seves dades. En aquest cas, AGP ATELIER 1913 deixar\u00e0 de tractar les dades, excepte per motius leg\u00edtims imperiosos, o l'exercici o la defensa de possibles reclamacions.<\/p>\n<p>Podr\u00e0 exercitar materialment els seus drets de la seg\u00fcent forma: dirigint-se al responsable del tractament.<\/p>\n<p>Quan es realitzi l'enviament de comunicacions comercials utilitzant com a base jur\u00eddica l'inter\u00e8s leg\u00edtim del responsable, l'interessat podr\u00e0 oposar-se al tractament de les seves dades amb aquesta fi.<\/p>\n<p>El consentiment atorgat \u00e9s per a totes les finalitats indicades la base legal de les quals \u00e9s el consentiment de l'interessat. T\u00e9 dret a retirar aquest consentiment en qualsevol moment, sense que aix\u00f2 afecti la licitud del tractament basat en el consentiment previ a la seva retirada.<\/p>\n<p>En cas que senti vulnerats els seus drets pel que concerneix la protecci\u00f3 de les seves dades personals, especialment quan no hagi obtingut satisfacci\u00f3 en l'exercici dels seus drets, pot presentar una reclamaci\u00f3 davant l'Autoritat de Control en mat\u00e8ria de Protecci\u00f3 de Dades competent a trav\u00e9s del seu lloc web: www.aepd.es. <a href=\"http:\/\/www.aepd.es\" rel=\"nofollow\">http:\/\/www.aepd.es<\/a>.<\/p>\n<p><strong>5.1. Tractament de les dades personals de potencials clients i contactes via web\u00a0<\/strong><\/p>\n<p>Amb quina finalitat tractem les seves dades personals?<br \/>\nA AGP ATELIER 1913 tractem la informaci\u00f3 que ens faciliten les persones interessades amb la finalitat d'atendre la seva sol\u00b7licitud i enviar-li comunicacions comercials, aix\u00ed com els nostres butlletins.<\/p>\n<p>Per quant de temps conservarem les seves dades?<br \/>\nLes dades es conservaran mentre l'interessat no sol\u00b7liciti la seva supressi\u00f3.<\/p>\n<p>Quina \u00e9s la legitimaci\u00f3 per al tractament de les seves dades?<br \/>\nLi indiquem la base legal per al tractament de les seves dades:<br \/>\n\u00b7 Execuci\u00f3 d'un contracte: Prestaci\u00f3 dels serveis sol\u00b7licitats.<br \/>\n\u00b7 Consentiment de l'interessat: Atendre la seva sol\u00b7licitud i enviar-li comunicacions comercials, aix\u00ed com els nostres butlletins.<\/p>\n<p>A quins destinataris es comunicaran les seves dades?<br \/>\nNo es cediran dades a tercers, excepte obligaci\u00f3 legal.<\/p>\n<p class=\"translation-block\">\u00b7 Microsoft Corporation, amb la finalitat de c\u00f2pia de seguretat de les dades. La garantia per aquesta transfer\u00e8ncia s\u2019ha establert a trav\u00e9s de: Exist\u00e8ncia d'una decisi\u00f3 d'adequaci\u00f3 de la Comissi\u00f3. Pot consultar informaci\u00f3 addicional a: <a href=\"https:\/\/privacy.microsoft.com\/es-es\/privacystatement\" rel=\"nofollow\" target=\"_self\">https:\/\/privacy.microsoft.com\/es-es\/privacystatement<\/a><\/p>\n<p><strong>5.2 Tractament de les dades personals dels contactes de correu electr\u00f2nic<\/strong><\/p>\n<p>Amb quina finalitat tractem les seves dades personals?<br \/>\nA AGP ATELIER 1913 tractem la informaci\u00f3 que ens faciliten les persones interessades amb la finalitat de prestar-li els serveis que ens ha sol\u00b7licitat, atendre les seves sol\u00b7licituds d'informaci\u00f3 i enviar-li comunicacions comercials.<\/p>\n<p>Per quant de temps conservarem les seves dades?<br \/>\nLes dades es conservaran mentre l'interessat no sol\u00b7liciti la seva supressi\u00f3.<\/p>\n<p>Quina \u00e9s la legitimaci\u00f3 per al tractament de les seves dades?<br \/>\nLi indiquem la base legal per al tractament de les seves dades:<br \/>\n\u00b7 Execuci\u00f3 d'un contracte: Prestaci\u00f3 dels serveis sol\u00b7licitats.<br \/>\n\u00b7 Inter\u00e8s leg\u00edtim del responsable: Enviament de comunicacions comercials sobre els nostres serveis i\/o productes.<br \/>\n\u00b7 Consentiment de l'interessat: Enviament de comunicacions comercials sobre els nostres serveis i\/o productes sobre la base de sol\u00b7licituds pr\u00e8vies mantingudes amb el responsables del tractament.<\/p>\n<p>A quins destinataris es comunicaran les seves dades?<br \/>\nNo es cediran dades a tercers, excepte obligaci\u00f3 legal.<\/p>\n<p>Transfer\u00e8ncies de dades a tercers pa\u00efsos. No estan previstes transfer\u00e8ncies de dades a tercers pa\u00efsos.<\/p>\n<p><strong>5.3. Tractament de les dades personals de videovigil\u00e0ncia\u00a0<\/strong><\/p>\n<p>Amb quina finalitat tractem les seves dades personals?<br \/>\nA AGP ATELIER 1913 tractem la informaci\u00f3 que ens faciliten les persones interessades amb la finalitat de garantitzar la seguretat de persones, b\u00e9ns i instal\u00b7lacions. No es prendran decisions automatitzades en base a dades proporcionades.<\/p>\n<p>Per quant de temps conservarem les seves dades?<br \/>\nLes dades es conservaran un m\u00e0xim de 30 dies, excepte per comunicaci\u00f3 a Forces i Cossos de Seguretat, i\/o Jutjats i Tribunals.<\/p>\n<p>Quina \u00e9s la legitimaci\u00f3 per al tractament de les seves dades?<br \/>\nLi indiquem la base legal per al tractament de les seves dades:<br \/>\n\u00b7 Missi\u00f3 en Inter\u00e8s p\u00fablic: Garantir la seguretat de persones, b\u00e9ns i instal\u00b7lacions.<\/p>\n<p>A quins destinataris es comunicaran les seves dades?<br \/>\nLes dades es comunicaran als seg\u00fcents destinataris:<br \/>\n\u00b7 Si s'escau, les forces i cossos de seguretat de l'Estat, aix\u00ed com Jutjats i Tribunals, amb la finalitat d'aportar les imatges si s'ha com\u00e8s un delicte.<\/p>\n<p>Transfer\u00e8ncies de dades a tercers pa\u00efsos. No estan previstes transfer\u00e8ncies de dades a tercers pa\u00efsos.<\/p>\n<p><strong>5.4. Tractament de les dades personals de comentaris a la p\u00e0gina web\u00a0<\/strong><\/p>\n<p>Amb quina finalitat tractem les seves dades personals?<br \/>\nA AGP ATELIER 1913 tractem la informaci\u00f3 que ens faciliten les persones interessades amb la finalitat d'atendre la seva sol\u00b7licitut, com la inserci\u00f3 de comentaris a la nostra p\u00e0gina web, i enviar-li comunicacions comercials.<\/p>\n<p>Per quant de temps conservarem les seves dades?<br \/>\nLes dades es conservaran mentre l'interessat no sol\u00b7liciti la seva supressi\u00f3.<\/p>\n<p>Quina \u00e9s la legitimaci\u00f3 per al tractament de les seves dades?<br \/>\nLi indiquem la base legal per al tractament de les seves dades:<br \/>\n\u00b7 Execuci\u00f3 d'un contracte: Prestaci\u00f3 dels serveis sol\u00b7licitats.<br \/>\n\u00b7 Consentiment de l'interessat: Atendre la seva sol\u00b7licitud i enviar-li comunicacions comercials, aix\u00ed com els nostres butlletins.<\/p>\n<p>A quins destinataris es comunicaran les seves dades?<br \/>\nNo es cediran dades a tercers, excepte obligaci\u00f3 legal.<\/p>\n<p>Transfer\u00e8ncies de dades a tercers pa\u00efsos. No estan previstes transfer\u00e8ncies de dades a tercers pa\u00efsos.<\/p>","protected":false},"excerpt":{"rendered":"<p>OBJETO\u00a0 El presente aviso legal regula el uso y utilizaci\u00f3n del sitio web <a href=\"https:\/\/annamaldonadojoyas.com\/ca\/\" rel=\"nofollow\">http:\/\/www.annamaldonadojoyas.com<\/a>, del que es titular AGP ATELIER 1913, S.L. (en adelante, AGP &hellip; <\/p>","protected":false},"author":187014957,"featured_media":0,"parent":0,"menu_order":0,"comment_status":"closed","ping_status":"closed","template":"","meta":{"_crdt_document":"","advanced_seo_description":"","jetpack_seo_html_title":"","jetpack_seo_noindex":false,"footnotes":""},"class_list":["post-2031","page","type-page","status-publish","hentry","latest_post"],"jetpack_likes_enabled":false,"jetpack_sharing_enabled":true,"jetpack_shortlink":"https:\/\/wp.me\/Pc3c7q-wL","amp_enabled":true,"_links":{"self":[{"href":"https:\/\/annamaldonadojoyas.com\/ca\/wp-json\/wp\/v2\/pages\/2031","targetHints":{"allow":["GET"]}}],"collection":[{"href":"https:\/\/annamaldonadojoyas.com\/ca\/wp-json\/wp\/v2\/pages"}],"about":[{"href":"https:\/\/annamaldonadojoyas.com\/ca\/wp-json\/wp\/v2\/types\/page"}],"author":[{"embeddable":true,"href":"https:\/\/annamaldonadojoyas.com\/ca\/wp-json\/wp\/v2\/users\/187014957"}],"replies":[{"embeddable":true,"href":"https:\/\/annamaldonadojoyas.com\/ca\/wp-json\/wp\/v2\/comments?post=2031"}],"version-history":[{"count":7,"href":"https:\/\/annamaldonadojoyas.com\/ca\/wp-json\/wp\/v2\/pages\/2031\/revisions"}],"predecessor-version":[{"id":2046,"href":"https:\/\/annamaldonadojoyas.com\/ca\/wp-json\/wp\/v2\/pages\/2031\/revisions\/2046"}],"wp:attachment":[{"href":"https:\/\/annamaldonadojoyas.com\/ca\/wp-json\/wp\/v2\/media?parent=2031"}],"curies":[{"name":"wp","href":"https:\/\/api.w.org\/{rel}","templated":true}]}}