{"id":343,"date":"2020-06-19T12:12:02","date_gmt":"2020-06-19T10:12:02","guid":{"rendered":"https:\/\/annamaldonadojoyas.com\/?page_id=343"},"modified":"2022-12-06T08:27:47","modified_gmt":"2022-12-06T07:27:47","slug":"estilo-isabelino-joyas","status":"publish","type":"page","link":"https:\/\/annamaldonadojoyas.com\/ca\/estilos-joyas\/estilo-isabelino-joyas\/","title":{"rendered":"Estil Isabel\u00ed"},"content":{"rendered":"<div data-elementor-type=\"wp-page\" data-elementor-id=\"343\" class=\"elementor elementor-343\">\n\t\t\t\t\t\t<section class=\"elementor-section elementor-top-section elementor-element elementor-element-209382a elementor-section-boxed elementor-section-height-default elementor-section-height-default\" data-id=\"209382a\" data-element_type=\"section\" data-e-type=\"section\">\n\t\t\t\t\t\t<div class=\"elementor-container elementor-column-gap-default\">\n\t\t\t\t\t<div class=\"elementor-column elementor-col-100 elementor-top-column elementor-element elementor-element-c6ed2b5\" data-id=\"c6ed2b5\" data-element_type=\"column\" data-e-type=\"column\">\n\t\t\t<div class=\"elementor-widget-wrap elementor-element-populated\">\n\t\t\t\t\t\t<div class=\"elementor-element elementor-element-aa7fab7 elementor-widget elementor-widget-heading\" data-id=\"aa7fab7\" data-element_type=\"widget\" data-e-type=\"widget\" data-widget_type=\"heading.default\">\n\t\t\t\t<div class=\"elementor-widget-container\">\n\t\t\t\t\t<h2 class=\"elementor-heading-title elementor-size-default translation-block\">Les joies d'Estil Isabel\u00ed de Joyero Maldonado s\u00f3n r\u00e8pliques de l'estil que va imperar a Europa durant els segles XVIII i XIX.<\/h2>\t\t\t\t<\/div>\n\t\t\t\t<\/div>\n\t\t\t\t\t<\/div>\n\t\t<\/div>\n\t\t\t\t\t<\/div>\n\t\t<\/section>\n\t\t\t\t<section class=\"elementor-section elementor-top-section elementor-element elementor-element-9f3577e elementor-section-boxed elementor-section-height-default elementor-section-height-default\" data-id=\"9f3577e\" data-element_type=\"section\" data-e-type=\"section\">\n\t\t\t\t\t\t<div class=\"elementor-container elementor-column-gap-default\">\n\t\t\t\t\t<div class=\"elementor-column elementor-col-100 elementor-top-column elementor-element elementor-element-8c3faf7\" data-id=\"8c3faf7\" data-element_type=\"column\" data-e-type=\"column\">\n\t\t\t<div class=\"elementor-widget-wrap elementor-element-populated\">\n\t\t\t\t\t\t<div class=\"elementor-element elementor-element-56ace41 elementor-widget elementor-widget-spacer\" data-id=\"56ace41\" data-element_type=\"widget\" data-e-type=\"widget\" data-widget_type=\"spacer.default\">\n\t\t\t\t<div class=\"elementor-widget-container\">\n\t\t\t\t\t\t\t<div class=\"elementor-spacer\">\n\t\t\t<div class=\"elementor-spacer-inner\"><\/div>\n\t\t<\/div>\n\t\t\t\t\t\t<\/div>\n\t\t\t\t<\/div>\n\t\t\t\t\t<\/div>\n\t\t<\/div>\n\t\t\t\t\t<\/div>\n\t\t<\/section>\n\t\t\t\t<section class=\"elementor-section elementor-top-section elementor-element elementor-element-0ac9fa3 elementor-section-boxed elementor-section-height-default elementor-section-height-default\" data-id=\"0ac9fa3\" data-element_type=\"section\" data-e-type=\"section\">\n\t\t\t\t\t\t<div class=\"elementor-container elementor-column-gap-default\">\n\t\t\t\t\t<div class=\"elementor-column elementor-col-33 elementor-top-column elementor-element elementor-element-fbf2874\" data-id=\"fbf2874\" data-element_type=\"column\" data-e-type=\"column\">\n\t\t\t<div class=\"elementor-widget-wrap elementor-element-populated\">\n\t\t\t\t\t\t<div class=\"elementor-element elementor-element-38fb2a7 elementor-widget elementor-widget-image\" data-id=\"38fb2a7\" data-element_type=\"widget\" data-e-type=\"widget\" data-widget_type=\"image.default\">\n\t\t\t\t<div class=\"elementor-widget-container\">\n\t\t\t\t\t\t\t\t\t\t\t\t\t\t\t<img fetchpriority=\"high\" decoding=\"async\" data-attachment-id=\"1170\" data-permalink=\"https:\/\/annamaldonadojoyas.com\/ca\/una-segunda-vida-para-tus-joyas\/anna-maldonado-reciclar-joyas-anillo-oro-amarillo-zafiros\/\" data-orig-file=\"https:\/\/i0.wp.com\/annamaldonadojoyas.com\/wp-content\/uploads\/2021\/01\/anna-maldonado-reciclar-joyas-anillo-oro-amarillo-zafiros.jpg?fit=800%2C800&amp;ssl=1\" data-orig-size=\"800,800\" data-comments-opened=\"0\" data-image-meta=\"{&quot;aperture&quot;:&quot;1.8&quot;,&quot;credit&quot;:&quot;&quot;,&quot;camera&quot;:&quot;iPhone 7 Plus&quot;,&quot;caption&quot;:&quot;&quot;,&quot;created_timestamp&quot;:&quot;1601584665&quot;,&quot;copyright&quot;:&quot;&quot;,&quot;focal_length&quot;:&quot;3.99&quot;,&quot;iso&quot;:&quot;40&quot;,&quot;shutter_speed&quot;:&quot;0.01&quot;,&quot;title&quot;:&quot;&quot;,&quot;orientation&quot;:&quot;1&quot;}\" data-image-title=\"anna-maldonado-reciclar-joyas-anillo-oro-amarillo-zafiros\" data-image-description=\"\" data-image-caption=\"\" data-large-file=\"https:\/\/i0.wp.com\/annamaldonadojoyas.com\/wp-content\/uploads\/2021\/01\/anna-maldonado-reciclar-joyas-anillo-oro-amarillo-zafiros.jpg?fit=800%2C800&amp;ssl=1\" width=\"800\" height=\"800\" src=\"https:\/\/i0.wp.com\/annamaldonadojoyas.com\/wp-content\/uploads\/2021\/01\/anna-maldonado-reciclar-joyas-anillo-oro-amarillo-zafiros.jpg?fit=800%2C800&amp;ssl=1\" class=\"attachment-large size-large wp-image-1170\" alt=\"\" srcset=\"https:\/\/i0.wp.com\/annamaldonadojoyas.com\/wp-content\/uploads\/2021\/01\/anna-maldonado-reciclar-joyas-anillo-oro-amarillo-zafiros.jpg?w=800&amp;ssl=1 800w, https:\/\/i0.wp.com\/annamaldonadojoyas.com\/wp-content\/uploads\/2021\/01\/anna-maldonado-reciclar-joyas-anillo-oro-amarillo-zafiros.jpg?resize=300%2C300&amp;ssl=1 300w, https:\/\/i0.wp.com\/annamaldonadojoyas.com\/wp-content\/uploads\/2021\/01\/anna-maldonado-reciclar-joyas-anillo-oro-amarillo-zafiros.jpg?resize=150%2C150&amp;ssl=1 150w, https:\/\/i0.wp.com\/annamaldonadojoyas.com\/wp-content\/uploads\/2021\/01\/anna-maldonado-reciclar-joyas-anillo-oro-amarillo-zafiros.jpg?resize=768%2C768&amp;ssl=1 768w, https:\/\/i0.wp.com\/annamaldonadojoyas.com\/wp-content\/uploads\/2021\/01\/anna-maldonado-reciclar-joyas-anillo-oro-amarillo-zafiros.jpg?resize=12%2C12&amp;ssl=1 12w, https:\/\/i0.wp.com\/annamaldonadojoyas.com\/wp-content\/uploads\/2021\/01\/anna-maldonado-reciclar-joyas-anillo-oro-amarillo-zafiros.jpg?resize=400%2C400&amp;ssl=1 400w, https:\/\/i0.wp.com\/annamaldonadojoyas.com\/wp-content\/uploads\/2021\/01\/anna-maldonado-reciclar-joyas-anillo-oro-amarillo-zafiros.jpg?resize=200%2C200&amp;ssl=1 200w\" sizes=\"(max-width: 800px) 100vw, 800px\" \/>\t\t\t\t\t\t\t\t\t\t\t\t\t\t\t<\/div>\n\t\t\t\t<\/div>\n\t\t\t\t\t<\/div>\n\t\t<\/div>\n\t\t\t\t<div class=\"elementor-column elementor-col-33 elementor-top-column elementor-element elementor-element-341a71f\" data-id=\"341a71f\" data-element_type=\"column\" data-e-type=\"column\">\n\t\t\t<div class=\"elementor-widget-wrap elementor-element-populated\">\n\t\t\t\t\t\t<div class=\"elementor-element elementor-element-b414005 elementor-widget elementor-widget-image\" data-id=\"b414005\" data-element_type=\"widget\" data-e-type=\"widget\" data-widget_type=\"image.default\">\n\t\t\t\t<div class=\"elementor-widget-container\">\n\t\t\t\t\t\t\t\t\t\t\t\t\t\t\t<img decoding=\"async\" data-attachment-id=\"346\" data-permalink=\"https:\/\/annamaldonadojoyas.com\/ca\/estilos-joyas\/estilo-isabelino-joyas\/anna-maldonado-galeria-joyas-reina-isabel-primera\/\" data-orig-file=\"https:\/\/i0.wp.com\/annamaldonadojoyas.com\/wp-content\/uploads\/2020\/06\/anna-maldonado-galeria-joyas-reina-isabel-primera.jpg?fit=800%2C800&amp;ssl=1\" data-orig-size=\"800,800\" data-comments-opened=\"0\" data-image-meta=\"{&quot;aperture&quot;:&quot;0&quot;,&quot;credit&quot;:&quot;&quot;,&quot;camera&quot;:&quot;&quot;,&quot;caption&quot;:&quot;&quot;,&quot;created_timestamp&quot;:&quot;0&quot;,&quot;copyright&quot;:&quot;&quot;,&quot;focal_length&quot;:&quot;0&quot;,&quot;iso&quot;:&quot;0&quot;,&quot;shutter_speed&quot;:&quot;0&quot;,&quot;title&quot;:&quot;&quot;,&quot;orientation&quot;:&quot;1&quot;}\" data-image-title=\"anna-maldonado-galeria-joyas-reina-isabel-primera\" data-image-description=\"\" data-image-caption=\"&lt;p&gt;Retrato Isabel I&lt;\/p&gt;\" data-large-file=\"https:\/\/i0.wp.com\/annamaldonadojoyas.com\/wp-content\/uploads\/2020\/06\/anna-maldonado-galeria-joyas-reina-isabel-primera.jpg?fit=800%2C800&amp;ssl=1\" width=\"800\" height=\"800\" src=\"https:\/\/i0.wp.com\/annamaldonadojoyas.com\/wp-content\/uploads\/2020\/06\/anna-maldonado-galeria-joyas-reina-isabel-primera.jpg?fit=800%2C800&amp;ssl=1\" class=\"attachment-large size-large wp-image-346\" alt=\"\" srcset=\"https:\/\/i0.wp.com\/annamaldonadojoyas.com\/wp-content\/uploads\/2020\/06\/anna-maldonado-galeria-joyas-reina-isabel-primera.jpg?w=800&amp;ssl=1 800w, https:\/\/i0.wp.com\/annamaldonadojoyas.com\/wp-content\/uploads\/2020\/06\/anna-maldonado-galeria-joyas-reina-isabel-primera.jpg?resize=300%2C300&amp;ssl=1 300w, https:\/\/i0.wp.com\/annamaldonadojoyas.com\/wp-content\/uploads\/2020\/06\/anna-maldonado-galeria-joyas-reina-isabel-primera.jpg?resize=150%2C150&amp;ssl=1 150w, https:\/\/i0.wp.com\/annamaldonadojoyas.com\/wp-content\/uploads\/2020\/06\/anna-maldonado-galeria-joyas-reina-isabel-primera.jpg?resize=768%2C768&amp;ssl=1 768w, https:\/\/i0.wp.com\/annamaldonadojoyas.com\/wp-content\/uploads\/2020\/06\/anna-maldonado-galeria-joyas-reina-isabel-primera.jpg?resize=400%2C400&amp;ssl=1 400w, https:\/\/i0.wp.com\/annamaldonadojoyas.com\/wp-content\/uploads\/2020\/06\/anna-maldonado-galeria-joyas-reina-isabel-primera.jpg?resize=200%2C200&amp;ssl=1 200w\" sizes=\"(max-width: 800px) 100vw, 800px\" \/>\t\t\t\t\t\t\t\t\t\t\t\t\t\t\t<\/div>\n\t\t\t\t<\/div>\n\t\t\t\t\t<\/div>\n\t\t<\/div>\n\t\t\t\t<div class=\"elementor-column elementor-col-33 elementor-top-column elementor-element elementor-element-2a8b328\" data-id=\"2a8b328\" data-element_type=\"column\" data-e-type=\"column\">\n\t\t\t<div class=\"elementor-widget-wrap elementor-element-populated\">\n\t\t\t\t\t\t<div class=\"elementor-element elementor-element-afe7819 elementor-widget elementor-widget-image\" data-id=\"afe7819\" data-element_type=\"widget\" data-e-type=\"widget\" data-widget_type=\"image.default\">\n\t\t\t\t<div class=\"elementor-widget-container\">\n\t\t\t\t\t\t\t\t\t\t\t\t\t\t\t<img decoding=\"async\" data-attachment-id=\"877\" data-permalink=\"https:\/\/annamaldonadojoyas.com\/ca\/limpiar-joyas-de-oro-brillo\/anna-maldonado-anillo-isabelino-ok1\/\" data-orig-file=\"https:\/\/i0.wp.com\/annamaldonadojoyas.com\/wp-content\/uploads\/2020\/10\/Anna-Maldonado-Anillo-isabelino-OK1.jpg?fit=1896%2C1896&amp;ssl=1\" data-orig-size=\"1896,1896\" data-comments-opened=\"0\" data-image-meta=\"{&quot;aperture&quot;:&quot;1.8&quot;,&quot;credit&quot;:&quot;&quot;,&quot;camera&quot;:&quot;iPhone 7 Plus&quot;,&quot;caption&quot;:&quot;&quot;,&quot;created_timestamp&quot;:&quot;1592940663&quot;,&quot;copyright&quot;:&quot;&quot;,&quot;focal_length&quot;:&quot;3.99&quot;,&quot;iso&quot;:&quot;40&quot;,&quot;shutter_speed&quot;:&quot;0.01&quot;,&quot;title&quot;:&quot;&quot;,&quot;orientation&quot;:&quot;1&quot;}\" data-image-title=\"Anna-Maldonado-Anillo-isabelino-OK1\" data-image-description=\"\" data-image-caption=\"\" data-large-file=\"https:\/\/i0.wp.com\/annamaldonadojoyas.com\/wp-content\/uploads\/2020\/10\/Anna-Maldonado-Anillo-isabelino-OK1.jpg?fit=840%2C840&amp;ssl=1\" width=\"840\" height=\"840\" src=\"https:\/\/i0.wp.com\/annamaldonadojoyas.com\/wp-content\/uploads\/2020\/10\/Anna-Maldonado-Anillo-isabelino-OK1.jpg?fit=840%2C840&amp;ssl=1\" class=\"attachment-large size-large wp-image-877\" alt=\"\" srcset=\"https:\/\/i0.wp.com\/annamaldonadojoyas.com\/wp-content\/uploads\/2020\/10\/Anna-Maldonado-Anillo-isabelino-OK1.jpg?w=1896&amp;ssl=1 1896w, https:\/\/i0.wp.com\/annamaldonadojoyas.com\/wp-content\/uploads\/2020\/10\/Anna-Maldonado-Anillo-isabelino-OK1.jpg?resize=300%2C300&amp;ssl=1 300w, https:\/\/i0.wp.com\/annamaldonadojoyas.com\/wp-content\/uploads\/2020\/10\/Anna-Maldonado-Anillo-isabelino-OK1.jpg?resize=1024%2C1024&amp;ssl=1 1024w, https:\/\/i0.wp.com\/annamaldonadojoyas.com\/wp-content\/uploads\/2020\/10\/Anna-Maldonado-Anillo-isabelino-OK1.jpg?resize=150%2C150&amp;ssl=1 150w, https:\/\/i0.wp.com\/annamaldonadojoyas.com\/wp-content\/uploads\/2020\/10\/Anna-Maldonado-Anillo-isabelino-OK1.jpg?resize=768%2C768&amp;ssl=1 768w, https:\/\/i0.wp.com\/annamaldonadojoyas.com\/wp-content\/uploads\/2020\/10\/Anna-Maldonado-Anillo-isabelino-OK1.jpg?resize=1536%2C1536&amp;ssl=1 1536w, https:\/\/i0.wp.com\/annamaldonadojoyas.com\/wp-content\/uploads\/2020\/10\/Anna-Maldonado-Anillo-isabelino-OK1.jpg?resize=1200%2C1200&amp;ssl=1 1200w, https:\/\/i0.wp.com\/annamaldonadojoyas.com\/wp-content\/uploads\/2020\/10\/Anna-Maldonado-Anillo-isabelino-OK1.jpg?resize=800%2C800&amp;ssl=1 800w, https:\/\/i0.wp.com\/annamaldonadojoyas.com\/wp-content\/uploads\/2020\/10\/Anna-Maldonado-Anillo-isabelino-OK1.jpg?resize=400%2C400&amp;ssl=1 400w, https:\/\/i0.wp.com\/annamaldonadojoyas.com\/wp-content\/uploads\/2020\/10\/Anna-Maldonado-Anillo-isabelino-OK1.jpg?resize=200%2C200&amp;ssl=1 200w, https:\/\/i0.wp.com\/annamaldonadojoyas.com\/wp-content\/uploads\/2020\/10\/Anna-Maldonado-Anillo-isabelino-OK1.jpg?resize=1568%2C1568&amp;ssl=1 1568w, https:\/\/i0.wp.com\/annamaldonadojoyas.com\/wp-content\/uploads\/2020\/10\/Anna-Maldonado-Anillo-isabelino-OK1.jpg?w=1680&amp;ssl=1 1680w\" sizes=\"(max-width: 840px) 100vw, 840px\" \/>\t\t\t\t\t\t\t\t\t\t\t\t\t\t\t<\/div>\n\t\t\t\t<\/div>\n\t\t\t\t\t<\/div>\n\t\t<\/div>\n\t\t\t\t\t<\/div>\n\t\t<\/section>\n\t\t\t\t<section class=\"elementor-section elementor-top-section elementor-element elementor-element-39c19d7 elementor-section-boxed elementor-section-height-default elementor-section-height-default\" data-id=\"39c19d7\" data-element_type=\"section\" data-e-type=\"section\">\n\t\t\t\t\t\t<div class=\"elementor-container elementor-column-gap-default\">\n\t\t\t\t\t<div class=\"elementor-column elementor-col-33 elementor-top-column elementor-element elementor-element-3e3d5c5\" data-id=\"3e3d5c5\" data-element_type=\"column\" data-e-type=\"column\">\n\t\t\t<div class=\"elementor-widget-wrap elementor-element-populated\">\n\t\t\t\t\t\t<div class=\"elementor-element elementor-element-8f294b1 elementor-widget elementor-widget-image\" data-id=\"8f294b1\" data-element_type=\"widget\" data-e-type=\"widget\" data-widget_type=\"image.default\">\n\t\t\t\t<div class=\"elementor-widget-container\">\n\t\t\t\t\t\t\t\t\t\t\t\t\t\t\t<img loading=\"lazy\" decoding=\"async\" data-attachment-id=\"364\" data-permalink=\"https:\/\/annamaldonadojoyas.com\/ca\/estilos-joyas\/estilo-isabelino-joyas\/anna-maldonado-galeria-joyas-collar-isabelino\/\" data-orig-file=\"https:\/\/i0.wp.com\/annamaldonadojoyas.com\/wp-content\/uploads\/2020\/06\/anna-maldonado-galeria-joyas-collar-isabelino.jpg?fit=800%2C800&amp;ssl=1\" data-orig-size=\"800,800\" data-comments-opened=\"0\" data-image-meta=\"{&quot;aperture&quot;:&quot;0&quot;,&quot;credit&quot;:&quot;&quot;,&quot;camera&quot;:&quot;&quot;,&quot;caption&quot;:&quot;&quot;,&quot;created_timestamp&quot;:&quot;0&quot;,&quot;copyright&quot;:&quot;&quot;,&quot;focal_length&quot;:&quot;0&quot;,&quot;iso&quot;:&quot;0&quot;,&quot;shutter_speed&quot;:&quot;0&quot;,&quot;title&quot;:&quot;&quot;,&quot;orientation&quot;:&quot;1&quot;}\" data-image-title=\"anna-maldonado-galeria-joyas-collar-isabelino\" data-image-description=\"\" data-image-caption=\"&lt;p&gt;Collar de estilo antiguo con brillantes y piedras preciosas&lt;\/p&gt;\" data-large-file=\"https:\/\/i0.wp.com\/annamaldonadojoyas.com\/wp-content\/uploads\/2020\/06\/anna-maldonado-galeria-joyas-collar-isabelino.jpg?fit=800%2C800&amp;ssl=1\" width=\"800\" height=\"800\" src=\"https:\/\/i0.wp.com\/annamaldonadojoyas.com\/wp-content\/uploads\/2020\/06\/anna-maldonado-galeria-joyas-collar-isabelino.jpg?fit=800%2C800&amp;ssl=1\" class=\"attachment-large size-large wp-image-364\" alt=\"\" srcset=\"https:\/\/i0.wp.com\/annamaldonadojoyas.com\/wp-content\/uploads\/2020\/06\/anna-maldonado-galeria-joyas-collar-isabelino.jpg?w=800&amp;ssl=1 800w, https:\/\/i0.wp.com\/annamaldonadojoyas.com\/wp-content\/uploads\/2020\/06\/anna-maldonado-galeria-joyas-collar-isabelino.jpg?resize=300%2C300&amp;ssl=1 300w, https:\/\/i0.wp.com\/annamaldonadojoyas.com\/wp-content\/uploads\/2020\/06\/anna-maldonado-galeria-joyas-collar-isabelino.jpg?resize=150%2C150&amp;ssl=1 150w, https:\/\/i0.wp.com\/annamaldonadojoyas.com\/wp-content\/uploads\/2020\/06\/anna-maldonado-galeria-joyas-collar-isabelino.jpg?resize=768%2C768&amp;ssl=1 768w, https:\/\/i0.wp.com\/annamaldonadojoyas.com\/wp-content\/uploads\/2020\/06\/anna-maldonado-galeria-joyas-collar-isabelino.jpg?resize=400%2C400&amp;ssl=1 400w, https:\/\/i0.wp.com\/annamaldonadojoyas.com\/wp-content\/uploads\/2020\/06\/anna-maldonado-galeria-joyas-collar-isabelino.jpg?resize=200%2C200&amp;ssl=1 200w\" sizes=\"(max-width: 800px) 100vw, 800px\" \/>\t\t\t\t\t\t\t\t\t\t\t\t\t\t\t<\/div>\n\t\t\t\t<\/div>\n\t\t\t\t\t<\/div>\n\t\t<\/div>\n\t\t\t\t<div class=\"elementor-column elementor-col-33 elementor-top-column elementor-element elementor-element-2f731b3\" data-id=\"2f731b3\" data-element_type=\"column\" data-e-type=\"column\">\n\t\t\t<div class=\"elementor-widget-wrap elementor-element-populated\">\n\t\t\t\t\t\t<div class=\"elementor-element elementor-element-ed6a3c9 elementor-widget elementor-widget-image\" data-id=\"ed6a3c9\" data-element_type=\"widget\" data-e-type=\"widget\" data-widget_type=\"image.default\">\n\t\t\t\t<div class=\"elementor-widget-container\">\n\t\t\t\t\t\t\t\t\t\t\t\t\t\t\t<img loading=\"lazy\" decoding=\"async\" data-attachment-id=\"309\" data-permalink=\"https:\/\/annamaldonadojoyas.com\/ca\/anna-maldonado-galeria-joyas-art-deco-cruz\/\" data-orig-file=\"https:\/\/i0.wp.com\/annamaldonadojoyas.com\/wp-content\/uploads\/2020\/06\/anna-maldonado-galeria-joyas-art-deco-cruz.jpg?fit=800%2C800&amp;ssl=1\" data-orig-size=\"800,800\" data-comments-opened=\"0\" data-image-meta=\"{&quot;aperture&quot;:&quot;0&quot;,&quot;credit&quot;:&quot;&quot;,&quot;camera&quot;:&quot;&quot;,&quot;caption&quot;:&quot;&quot;,&quot;created_timestamp&quot;:&quot;0&quot;,&quot;copyright&quot;:&quot;&quot;,&quot;focal_length&quot;:&quot;0&quot;,&quot;iso&quot;:&quot;0&quot;,&quot;shutter_speed&quot;:&quot;0&quot;,&quot;title&quot;:&quot;&quot;,&quot;orientation&quot;:&quot;1&quot;}\" data-image-title=\"anna-maldonado-galeria-joyas-art-deco-cruz\" data-image-description=\"\" data-image-caption=\"&lt;p&gt;Original cruz de estilo Art Nouveau.&lt;\/p&gt;\" data-large-file=\"https:\/\/i0.wp.com\/annamaldonadojoyas.com\/wp-content\/uploads\/2020\/06\/anna-maldonado-galeria-joyas-art-deco-cruz.jpg?fit=800%2C800&amp;ssl=1\" width=\"800\" height=\"800\" src=\"https:\/\/i0.wp.com\/annamaldonadojoyas.com\/wp-content\/uploads\/2020\/06\/anna-maldonado-galeria-joyas-art-deco-cruz.jpg?fit=800%2C800&amp;ssl=1\" class=\"attachment-large size-large wp-image-309\" alt=\"\" srcset=\"https:\/\/i0.wp.com\/annamaldonadojoyas.com\/wp-content\/uploads\/2020\/06\/anna-maldonado-galeria-joyas-art-deco-cruz.jpg?w=800&amp;ssl=1 800w, https:\/\/i0.wp.com\/annamaldonadojoyas.com\/wp-content\/uploads\/2020\/06\/anna-maldonado-galeria-joyas-art-deco-cruz.jpg?resize=300%2C300&amp;ssl=1 300w, https:\/\/i0.wp.com\/annamaldonadojoyas.com\/wp-content\/uploads\/2020\/06\/anna-maldonado-galeria-joyas-art-deco-cruz.jpg?resize=150%2C150&amp;ssl=1 150w, https:\/\/i0.wp.com\/annamaldonadojoyas.com\/wp-content\/uploads\/2020\/06\/anna-maldonado-galeria-joyas-art-deco-cruz.jpg?resize=768%2C768&amp;ssl=1 768w, https:\/\/i0.wp.com\/annamaldonadojoyas.com\/wp-content\/uploads\/2020\/06\/anna-maldonado-galeria-joyas-art-deco-cruz.jpg?resize=400%2C400&amp;ssl=1 400w, https:\/\/i0.wp.com\/annamaldonadojoyas.com\/wp-content\/uploads\/2020\/06\/anna-maldonado-galeria-joyas-art-deco-cruz.jpg?resize=200%2C200&amp;ssl=1 200w\" sizes=\"(max-width: 800px) 100vw, 800px\" \/>\t\t\t\t\t\t\t\t\t\t\t\t\t\t\t<\/div>\n\t\t\t\t<\/div>\n\t\t\t\t\t<\/div>\n\t\t<\/div>\n\t\t\t\t<div class=\"elementor-column elementor-col-33 elementor-top-column elementor-element elementor-element-4cedcd1\" data-id=\"4cedcd1\" data-element_type=\"column\" data-e-type=\"column\">\n\t\t\t<div class=\"elementor-widget-wrap elementor-element-populated\">\n\t\t\t\t\t\t<div class=\"elementor-element elementor-element-b90d3a3 elementor-widget elementor-widget-image\" data-id=\"b90d3a3\" data-element_type=\"widget\" data-e-type=\"widget\" data-widget_type=\"image.default\">\n\t\t\t\t<div class=\"elementor-widget-container\">\n\t\t\t\t\t\t\t\t\t\t\t\t\t\t\t<img loading=\"lazy\" decoding=\"async\" data-attachment-id=\"347\" data-permalink=\"https:\/\/annamaldonadojoyas.com\/ca\/estilos-joyas\/estilo-isabelino-joyas\/anna-maldonado-galeria-joyas-estilo-isabelino-salon\/\" data-orig-file=\"https:\/\/i0.wp.com\/annamaldonadojoyas.com\/wp-content\/uploads\/2020\/06\/anna-maldonado-galeria-joyas-estilo-isabelino-salon.jpg?fit=800%2C800&amp;ssl=1\" data-orig-size=\"800,800\" data-comments-opened=\"0\" data-image-meta=\"{&quot;aperture&quot;:&quot;0&quot;,&quot;credit&quot;:&quot;&quot;,&quot;camera&quot;:&quot;&quot;,&quot;caption&quot;:&quot;&quot;,&quot;created_timestamp&quot;:&quot;0&quot;,&quot;copyright&quot;:&quot;&quot;,&quot;focal_length&quot;:&quot;0&quot;,&quot;iso&quot;:&quot;0&quot;,&quot;shutter_speed&quot;:&quot;0&quot;,&quot;title&quot;:&quot;&quot;,&quot;orientation&quot;:&quot;1&quot;}\" data-image-title=\"anna-maldonado-galeria-joyas-estilo-isabelino-salon\" data-image-description=\"\" data-image-caption=\"&lt;p&gt;Palacio de Fern\u00e1n N\u00fa\u00f1ez&lt;\/p&gt;\" data-large-file=\"https:\/\/i0.wp.com\/annamaldonadojoyas.com\/wp-content\/uploads\/2020\/06\/anna-maldonado-galeria-joyas-estilo-isabelino-salon.jpg?fit=800%2C800&amp;ssl=1\" width=\"800\" height=\"800\" src=\"https:\/\/i0.wp.com\/annamaldonadojoyas.com\/wp-content\/uploads\/2020\/06\/anna-maldonado-galeria-joyas-estilo-isabelino-salon.jpg?fit=800%2C800&amp;ssl=1\" class=\"attachment-large size-large wp-image-347\" alt=\"\" srcset=\"https:\/\/i0.wp.com\/annamaldonadojoyas.com\/wp-content\/uploads\/2020\/06\/anna-maldonado-galeria-joyas-estilo-isabelino-salon.jpg?w=800&amp;ssl=1 800w, https:\/\/i0.wp.com\/annamaldonadojoyas.com\/wp-content\/uploads\/2020\/06\/anna-maldonado-galeria-joyas-estilo-isabelino-salon.jpg?resize=300%2C300&amp;ssl=1 300w, https:\/\/i0.wp.com\/annamaldonadojoyas.com\/wp-content\/uploads\/2020\/06\/anna-maldonado-galeria-joyas-estilo-isabelino-salon.jpg?resize=150%2C150&amp;ssl=1 150w, https:\/\/i0.wp.com\/annamaldonadojoyas.com\/wp-content\/uploads\/2020\/06\/anna-maldonado-galeria-joyas-estilo-isabelino-salon.jpg?resize=768%2C768&amp;ssl=1 768w, https:\/\/i0.wp.com\/annamaldonadojoyas.com\/wp-content\/uploads\/2020\/06\/anna-maldonado-galeria-joyas-estilo-isabelino-salon.jpg?resize=400%2C400&amp;ssl=1 400w, https:\/\/i0.wp.com\/annamaldonadojoyas.com\/wp-content\/uploads\/2020\/06\/anna-maldonado-galeria-joyas-estilo-isabelino-salon.jpg?resize=200%2C200&amp;ssl=1 200w\" sizes=\"(max-width: 800px) 100vw, 800px\" \/>\t\t\t\t\t\t\t\t\t\t\t\t\t\t\t<\/div>\n\t\t\t\t<\/div>\n\t\t\t\t\t<\/div>\n\t\t<\/div>\n\t\t\t\t\t<\/div>\n\t\t<\/section>\n\t\t\t\t<section class=\"elementor-section elementor-top-section elementor-element elementor-element-4f61511 elementor-section-boxed elementor-section-height-default elementor-section-height-default\" data-id=\"4f61511\" data-element_type=\"section\" data-e-type=\"section\">\n\t\t\t\t\t\t<div class=\"elementor-container elementor-column-gap-default\">\n\t\t\t\t\t<div class=\"elementor-column elementor-col-100 elementor-top-column elementor-element elementor-element-ae3e3f4\" data-id=\"ae3e3f4\" data-element_type=\"column\" data-e-type=\"column\">\n\t\t\t<div class=\"elementor-widget-wrap elementor-element-populated\">\n\t\t\t\t\t\t<div class=\"elementor-element elementor-element-55ab1d0 elementor-widget elementor-widget-spacer\" data-id=\"55ab1d0\" data-element_type=\"widget\" data-e-type=\"widget\" data-widget_type=\"spacer.default\">\n\t\t\t\t<div class=\"elementor-widget-container\">\n\t\t\t\t\t\t\t<div class=\"elementor-spacer\">\n\t\t\t<div class=\"elementor-spacer-inner\"><\/div>\n\t\t<\/div>\n\t\t\t\t\t\t<\/div>\n\t\t\t\t<\/div>\n\t\t\t\t\t<\/div>\n\t\t<\/div>\n\t\t\t\t\t<\/div>\n\t\t<\/section>\n\t\t\t\t<section class=\"elementor-section elementor-top-section elementor-element elementor-element-a9147b0 elementor-section-boxed elementor-section-height-default elementor-section-height-default\" data-id=\"a9147b0\" data-element_type=\"section\" data-e-type=\"section\">\n\t\t\t\t\t\t<div class=\"elementor-container elementor-column-gap-default\">\n\t\t\t\t\t<div class=\"elementor-column elementor-col-100 elementor-top-column elementor-element elementor-element-c7b47a6\" data-id=\"c7b47a6\" data-element_type=\"column\" data-e-type=\"column\">\n\t\t\t<div class=\"elementor-widget-wrap elementor-element-populated\">\n\t\t\t\t\t\t<div class=\"elementor-element elementor-element-3cd7c81 elementor-widget elementor-widget-text-editor\" data-id=\"3cd7c81\" data-element_type=\"widget\" data-e-type=\"widget\" data-widget_type=\"text-editor.default\">\n\t\t\t\t<div class=\"elementor-widget-container\">\n\t\t\t\t\t\t\t\t\t<p class=\"has-text-align-justify has-text-color\">L'art Isabel\u00ed ens va arribar per mitj\u00e0 dels nostres avantpassats i, actualment, s'ha perfeccionat en puresa i execuci\u00f3.\u00a0<strong>Per a la seva fabricaci\u00f3, fem servir materials com l'Or de 18 k, plata de 999 mil\u00b7l\u00e8simes, finament engastats amb diamants de talla antiga, maragdes, rob\u00eds i safirs.<\/strong>.<\/p>\t\t\t\t\t\t\t\t<\/div>\n\t\t\t\t<\/div>\n\t\t\t\t\t<\/div>\n\t\t<\/div>\n\t\t\t\t\t<\/div>\n\t\t<\/section>\n\t\t\t\t<\/div>","protected":false},"excerpt":{"rendered":"<p>Las joyas de estilo Isabelino de Joyero Maldonado, son r\u00e9plicas del estilo que imper\u00f3 en Europa durante los siglos XVIII y XIX. El arte isabelino &hellip; <\/p>","protected":false},"author":187014957,"featured_media":0,"parent":229,"menu_order":3,"comment_status":"closed","ping_status":"closed","template":"","meta":{"_crdt_document":"","advanced_seo_description":"Anna Maldonado, creaci\u00f3n de joyas de estilo isabelino en Barcelona. Le esperamos en la joyer\u00eda de Vilanova i la Geltr\u00fa, compra de joyas antiguas, tasaci\u00f3n y compra de joyas antiguas. Dise\u00f1o y taller propio.","jetpack_seo_html_title":"","jetpack_seo_noindex":false,"footnotes":""},"class_list":["post-343","page","type-page","status-publish","hentry","latest_post"],"jetpack_likes_enabled":false,"jetpack_sharing_enabled":false,"jetpack_shortlink":"https:\/\/wp.me\/Pc3c7q-5x","amp_enabled":true,"_links":{"self":[{"href":"https:\/\/annamaldonadojoyas.com\/ca\/wp-json\/wp\/v2\/pages\/343","targetHints":{"allow":["GET"]}}],"collection":[{"href":"https:\/\/annamaldonadojoyas.com\/ca\/wp-json\/wp\/v2\/pages"}],"about":[{"href":"https:\/\/annamaldonadojoyas.com\/ca\/wp-json\/wp\/v2\/types\/page"}],"author":[{"embeddable":true,"href":"https:\/\/annamaldonadojoyas.com\/ca\/wp-json\/wp\/v2\/users\/187014957"}],"replies":[{"embeddable":true,"href":"https:\/\/annamaldonadojoyas.com\/ca\/wp-json\/wp\/v2\/comments?post=343"}],"version-history":[{"count":30,"href":"https:\/\/annamaldonadojoyas.com\/ca\/wp-json\/wp\/v2\/pages\/343\/revisions"}],"predecessor-version":[{"id":2786,"href":"https:\/\/annamaldonadojoyas.com\/ca\/wp-json\/wp\/v2\/pages\/343\/revisions\/2786"}],"up":[{"embeddable":true,"href":"https:\/\/annamaldonadojoyas.com\/ca\/wp-json\/wp\/v2\/pages\/229"}],"wp:attachment":[{"href":"https:\/\/annamaldonadojoyas.com\/ca\/wp-json\/wp\/v2\/media?parent=343"}],"curies":[{"name":"wp","href":"https:\/\/api.w.org\/{rel}","templated":true}]}}