{"id":148,"date":"2020-06-05T18:21:33","date_gmt":"2020-06-05T16:21:33","guid":{"rendered":"https:\/\/annamaldonadojoyas.com\/contacto\/"},"modified":"2026-02-16T15:42:05","modified_gmt":"2026-02-16T14:42:05","slug":"contacto","status":"publish","type":"page","link":"https:\/\/annamaldonadojoyas.com\/en\/contacto\/","title":{"rendered":"CONTACT"},"content":{"rendered":"<div data-elementor-type=\"wp-page\" data-elementor-id=\"148\" class=\"elementor elementor-148\">\n\t\t\t\t\t\t<section class=\"elementor-section elementor-top-section elementor-element elementor-element-15701917 elementor-section-boxed elementor-section-height-default elementor-section-height-default\" data-id=\"15701917\" data-element_type=\"section\" data-e-type=\"section\">\n\t\t\t\t\t\t<div class=\"elementor-container elementor-column-gap-default\">\n\t\t\t\t\t<div class=\"elementor-column elementor-col-100 elementor-top-column elementor-element elementor-element-5136e14c\" data-id=\"5136e14c\" data-element_type=\"column\" data-e-type=\"column\">\n\t\t\t<div class=\"elementor-widget-wrap elementor-element-populated\">\n\t\t\t\t\t\t<div class=\"elementor-element elementor-element-c112ddd elementor-widget elementor-widget-image\" data-id=\"c112ddd\" data-element_type=\"widget\" data-e-type=\"widget\" data-widget_type=\"image.default\">\n\t\t\t\t<div class=\"elementor-widget-container\">\n\t\t\t\t\t\t\t\t\t\t\t\t\t\t\t<img fetchpriority=\"high\" decoding=\"async\" data-attachment-id=\"4559\" data-permalink=\"https:\/\/annamaldonadojoyas.com\/en\/contacto\/anillo-art-deco-zafiro-azul-anna-maldonado\/\" data-orig-file=\"https:\/\/i0.wp.com\/annamaldonadojoyas.com\/wp-content\/uploads\/2026\/02\/anillo-art-deco-zafiro-azul-anna-maldonado.jpg?fit=1602%2C1068&amp;ssl=1\" data-orig-size=\"1602,1068\" data-comments-opened=\"0\" data-image-meta=\"{&quot;aperture&quot;:&quot;0&quot;,&quot;credit&quot;:&quot;&quot;,&quot;camera&quot;:&quot;&quot;,&quot;caption&quot;:&quot;&quot;,&quot;created_timestamp&quot;:&quot;0&quot;,&quot;copyright&quot;:&quot;&quot;,&quot;focal_length&quot;:&quot;0&quot;,&quot;iso&quot;:&quot;0&quot;,&quot;shutter_speed&quot;:&quot;0&quot;,&quot;title&quot;:&quot;&quot;,&quot;orientation&quot;:&quot;0&quot;}\" data-image-title=\"anillo-art-deco-zafiro-azul-anna-maldonado\" data-image-description=\"\" data-image-caption=\"\" data-large-file=\"https:\/\/i0.wp.com\/annamaldonadojoyas.com\/wp-content\/uploads\/2026\/02\/anillo-art-deco-zafiro-azul-anna-maldonado.jpg?fit=840%2C560&amp;ssl=1\" width=\"768\" height=\"512\" src=\"https:\/\/i0.wp.com\/annamaldonadojoyas.com\/wp-content\/uploads\/2026\/02\/anillo-art-deco-zafiro-azul-anna-maldonado.jpg?fit=768%2C512&amp;ssl=1\" class=\"attachment-medium_large size-medium_large wp-image-4559\" alt=\"\" srcset=\"https:\/\/i0.wp.com\/annamaldonadojoyas.com\/wp-content\/uploads\/2026\/02\/anillo-art-deco-zafiro-azul-anna-maldonado.jpg?w=1602&amp;ssl=1 1602w, https:\/\/i0.wp.com\/annamaldonadojoyas.com\/wp-content\/uploads\/2026\/02\/anillo-art-deco-zafiro-azul-anna-maldonado.jpg?resize=300%2C200&amp;ssl=1 300w, https:\/\/i0.wp.com\/annamaldonadojoyas.com\/wp-content\/uploads\/2026\/02\/anillo-art-deco-zafiro-azul-anna-maldonado.jpg?resize=1024%2C683&amp;ssl=1 1024w, https:\/\/i0.wp.com\/annamaldonadojoyas.com\/wp-content\/uploads\/2026\/02\/anillo-art-deco-zafiro-azul-anna-maldonado.jpg?resize=768%2C512&amp;ssl=1 768w, https:\/\/i0.wp.com\/annamaldonadojoyas.com\/wp-content\/uploads\/2026\/02\/anillo-art-deco-zafiro-azul-anna-maldonado.jpg?resize=1536%2C1024&amp;ssl=1 1536w, https:\/\/i0.wp.com\/annamaldonadojoyas.com\/wp-content\/uploads\/2026\/02\/anillo-art-deco-zafiro-azul-anna-maldonado.jpg?resize=18%2C12&amp;ssl=1 18w, https:\/\/i0.wp.com\/annamaldonadojoyas.com\/wp-content\/uploads\/2026\/02\/anillo-art-deco-zafiro-azul-anna-maldonado.jpg?resize=90%2C60&amp;ssl=1 90w, https:\/\/i0.wp.com\/annamaldonadojoyas.com\/wp-content\/uploads\/2026\/02\/anillo-art-deco-zafiro-azul-anna-maldonado.jpg?resize=420%2C280&amp;ssl=1 420w\" sizes=\"(max-width: 768px) 100vw, 768px\" \/>\t\t\t\t\t\t\t\t\t\t\t\t\t\t\t<\/div>\n\t\t\t\t<\/div>\n\t\t\t\t\t<\/div>\n\t\t<\/div>\n\t\t\t\t\t<\/div>\n\t\t<\/section>\n\t\t\t\t<section class=\"elementor-section elementor-top-section elementor-element elementor-element-b892912 elementor-section-boxed elementor-section-height-default elementor-section-height-default\" data-id=\"b892912\" data-element_type=\"section\" data-e-type=\"section\">\n\t\t\t\t\t\t<div class=\"elementor-container elementor-column-gap-default\">\n\t\t\t\t\t<div class=\"elementor-column elementor-col-100 elementor-top-column elementor-element elementor-element-a029e06\" data-id=\"a029e06\" data-element_type=\"column\" data-e-type=\"column\">\n\t\t\t<div class=\"elementor-widget-wrap elementor-element-populated\">\n\t\t\t\t\t\t<div class=\"elementor-element elementor-element-c941eb7 elementor-widget elementor-widget-text-editor\" data-id=\"c941eb7\" data-element_type=\"widget\" data-e-type=\"widget\" data-widget_type=\"text-editor.default\">\n\t\t\t\t<div class=\"elementor-widget-container\">\n\t\t\t\t\t\t\t\t\t<p style=\"text-align: justify;\" class=\"translation-block\">If you need to contact Anna Maldonado team to ask for information, please, <strong>fill in the next form<\/strong>. you can also phone to our atelier (+34 93 228 90 90) or send an email to info@annamaldonadojoyas.com.<\/p>\t\t\t\t\t\t\t\t<\/div>\n\t\t\t\t<\/div>\n\t\t\t\t\t<\/div>\n\t\t<\/div>\n\t\t\t\t\t<\/div>\n\t\t<\/section>\n\t\t\t\t<section class=\"elementor-section elementor-top-section elementor-element elementor-element-c17a873 elementor-section-boxed elementor-section-height-default elementor-section-height-default\" data-id=\"c17a873\" data-element_type=\"section\" data-e-type=\"section\">\n\t\t\t\t\t\t<div class=\"elementor-container elementor-column-gap-default\">\n\t\t\t\t\t<div class=\"elementor-column elementor-col-100 elementor-top-column elementor-element elementor-element-556b69c\" data-id=\"556b69c\" data-element_type=\"column\" data-e-type=\"column\">\n\t\t\t<div class=\"elementor-widget-wrap elementor-element-populated\">\n\t\t\t\t\t\t<div class=\"elementor-element elementor-element-fe2c31e elementor-widget elementor-widget-text-editor\" data-id=\"fe2c31e\" data-element_type=\"widget\" data-e-type=\"widget\" data-widget_type=\"text-editor.default\">\n\t\t\t\t<div class=\"elementor-widget-container\">\n\t\t\t\t\t\t\t\t\t<p style=\"text-align: center;\">\n<div class=\"wpcf7 no-js\" id=\"wpcf7-f2722-o1\" lang=\"es-ES\" dir=\"ltr\" data-wpcf7-id=\"2722\">\n<div class=\"screen-reader-response\"><p role=\"status\" aria-live=\"polite\" aria-atomic=\"true\"><\/p> <ul><\/ul><\/div>\n<form action=\"\/en\/wp-json\/wp\/v2\/pages\/148#wpcf7-f2722-o1\" method=\"post\" class=\"wpcf7-form init\" aria-label=\"Formulario de contacto\" novalidate=\"novalidate\" data-status=\"init\" data-trp-original-action=\"\/en\/wp-json\/wp\/v2\/pages\/148#wpcf7-f2722-o1\">\n<fieldset class=\"hidden-fields-container\"><input type=\"hidden\" name=\"_wpcf7\" value=\"2722\" \/><input type=\"hidden\" name=\"_wpcf7_version\" value=\"6.1.5\" \/><input type=\"hidden\" name=\"_wpcf7_locale\" value=\"es_ES\" \/><input type=\"hidden\" name=\"_wpcf7_unit_tag\" value=\"wpcf7-f2722-o1\" \/><input type=\"hidden\" name=\"_wpcf7_container_post\" value=\"0\" \/><input type=\"hidden\" name=\"_wpcf7_posted_data_hash\" value=\"\" \/>\n<\/fieldset>\n<p><label> Name<br \/>\n<span class=\"wpcf7-form-control-wrap\" data-name=\"your-name\"><input size=\"40\" maxlength=\"400\" class=\"wpcf7-form-control wpcf7-text wpcf7-validates-as-required\" aria-required=\"true\" aria-invalid=\"false\" value=\"\" type=\"text\" name=\"your-name\" \/><\/span> <\/label>\n<\/p>\n<p><label> Email<br \/>\n<span class=\"wpcf7-form-control-wrap\" data-name=\"your-email\"><input size=\"40\" maxlength=\"400\" class=\"wpcf7-form-control wpcf7-email wpcf7-validates-as-required wpcf7-text wpcf7-validates-as-email\" aria-required=\"true\" aria-invalid=\"false\" value=\"\" type=\"email\" name=\"your-email\" \/><\/span> <\/label>\n<\/p>\n<p><label> Company<br \/>\n<span class=\"wpcf7-form-control-wrap\" data-name=\"your-subject\"><input size=\"40\" maxlength=\"400\" class=\"wpcf7-form-control wpcf7-text\" aria-invalid=\"false\" value=\"\" type=\"text\" name=\"your-subject\" \/><\/span> <\/label>\n<\/p>\n<p><label> Subject<br \/>\n<span class=\"wpcf7-form-control-wrap\" data-name=\"your-subject\"><input size=\"40\" maxlength=\"400\" class=\"wpcf7-form-control wpcf7-text wpcf7-validates-as-required\" aria-required=\"true\" aria-invalid=\"false\" value=\"\" type=\"text\" name=\"your-subject\" \/><\/span> <\/label>\n<\/p>\n<p><label> Message<br \/>\n<span class=\"wpcf7-form-control-wrap\" data-name=\"your-message\"><textarea cols=\"40\" rows=\"10\" maxlength=\"2000\" class=\"wpcf7-form-control wpcf7-textarea\" aria-invalid=\"false\" name=\"your-message\"><\/textarea><\/span> <\/label>\n<\/p>\n<p><input class=\"wpcf7-form-control wpcf7-submit has-spinner\" type=\"submit\" value=\"Send\" \/>\n<\/p>\n<p><span class=\"wpcf7-form-control-wrap\" data-name=\"acceptance-685\"><span class=\"wpcf7-form-control wpcf7-acceptance\"><span class=\"wpcf7-list-item\"><label><input type=\"checkbox\" name=\"acceptance-685\" value=\"1\" aria-invalid=\"false\" \/><span class=\"wpcf7-list-item-label\">I accept the Privacy Policy<\/span><\/label><\/span><\/span><\/span>\n<\/p><p style=\"display: none !important;\" class=\"akismet-fields-container\" data-prefix=\"_wpcf7_ak_\"><label>&#916;<textarea name=\"_wpcf7_ak_hp_textarea\" cols=\"45\" rows=\"8\" maxlength=\"100\"><\/textarea><\/label><input type=\"hidden\" id=\"ak_js_1\" name=\"_wpcf7_ak_js\" value=\"145\"\/><script>document.getElementById( \"ak_js_1\" ).setAttribute( \"value\", ( new Date() ).getTime() );<\/script><\/p><div class=\"wpcf7-response-output\" aria-hidden=\"true\"><\/div>\n<input type=\"hidden\" name=\"trp-form-language\" value=\"en\"\/><\/form>\n<\/div>\n<\/p>\t\t\t\t\t\t\t\t<\/div>\n\t\t\t\t<\/div>\n\t\t\t\t\t<\/div>\n\t\t<\/div>\n\t\t\t\t\t<\/div>\n\t\t<\/section>\n\t\t\t\t<\/div>","protected":false},"excerpt":{"rendered":"<p>Si deseas ponerte en contacto con el equipo de Anna Maldonado para pedir presupuesto o para una tasaci\u00f3n de joyas, por favor, rellena el siguiente &hellip; <\/p>","protected":false},"author":187014957,"featured_media":0,"parent":0,"menu_order":1,"comment_status":"closed","ping_status":"closed","template":"","meta":{"_crdt_document":"","advanced_seo_description":"Visite nuestra joyer\u00eda en Vilanova i la  Geltr\u00fa o p\u00f3ngase en contacto con Anna Maldonado para pedir su presupuesto para alianzas de boda, o joyas personalizadas en Barcelona.","jetpack_seo_html_title":"","jetpack_seo_noindex":false,"jetpack_post_was_ever_published":false,"footnotes":""},"class_list":["post-148","page","type-page","status-publish","hentry","latest_post"],"jetpack_likes_enabled":false,"jetpack_sharing_enabled":false,"jetpack_shortlink":"https:\/\/wp.me\/Pc3c7q-2o","amp_enabled":true,"_links":{"self":[{"href":"https:\/\/annamaldonadojoyas.com\/en\/wp-json\/wp\/v2\/pages\/148","targetHints":{"allow":["GET"]}}],"collection":[{"href":"https:\/\/annamaldonadojoyas.com\/en\/wp-json\/wp\/v2\/pages"}],"about":[{"href":"https:\/\/annamaldonadojoyas.com\/en\/wp-json\/wp\/v2\/types\/page"}],"author":[{"embeddable":true,"href":"https:\/\/annamaldonadojoyas.com\/en\/wp-json\/wp\/v2\/users\/187014957"}],"replies":[{"embeddable":true,"href":"https:\/\/annamaldonadojoyas.com\/en\/wp-json\/wp\/v2\/comments?post=148"}],"version-history":[{"count":43,"href":"https:\/\/annamaldonadojoyas.com\/en\/wp-json\/wp\/v2\/pages\/148\/revisions"}],"predecessor-version":[{"id":4569,"href":"https:\/\/annamaldonadojoyas.com\/en\/wp-json\/wp\/v2\/pages\/148\/revisions\/4569"}],"wp:attachment":[{"href":"https:\/\/annamaldonadojoyas.com\/en\/wp-json\/wp\/v2\/media?parent=148"}],"curies":[{"name":"wp","href":"https:\/\/api.w.org\/{rel}","templated":true}]}}