{"id":2031,"date":"2021-11-04T11:52:19","date_gmt":"2021-11-04T10:52:19","guid":{"rendered":"https:\/\/annamaldonadojoyas.com\/?page_id=2031"},"modified":"2021-11-08T18:56:53","modified_gmt":"2021-11-08T17:56:53","slug":"aviso-legal","status":"publish","type":"page","link":"https:\/\/annamaldonadojoyas.com\/en\/aviso-legal\/","title":{"rendered":"Legal Notice"},"content":{"rendered":"<h2><strong>OBJETO\u00a0<\/strong><\/h2>\n<p class=\"translation-block\">El presente aviso legal regula el uso y utilizaci\u00f3n del sitio web <a href=\"https:\/\/annamaldonadojoyas.com\/en\/\" rel=\"nofollow\" target=\"_self\">http:\/\/www.annamaldonadojoyas.com<\/a>, del que es titular AGP ATELIER 1913, S.L. (en adelante, AGP ATELIER 1913).<\/p>\n<p>La navegaci\u00f3n por el sitio web de AGP ATELIER 1913 le atribuye la condici\u00f3n de USUARIO del mismo y conlleva su aceptaci\u00f3n plena y sin reservas de todas y cada una de las condiciones publicadas en este aviso legal, advirtiendo de que dichas condiciones podr\u00e1n ser modificadas sin notificaci\u00f3n previa por parte de AGP ATELIER 1913, en cuyo caso se proceder\u00e1 a su publicaci\u00f3n y aviso con la m\u00e1xima antelaci\u00f3n posible.<\/p>\n<p>Por ello es recomendable leer atentamente su contenido en caso de desear acceder y hacer uso de la informaci\u00f3n y de los servicios ofrecidos desde este sitio web.<\/p>\n<p>El usuario adem\u00e1s, se obliga a hacer un uso correcto del sitio web de conformidad con las leyes, la buena fe, el orden p\u00fablico, los usos del tr\u00e1fico y el presente Aviso Legal, y responder\u00e1 frente a AGP ATELIER 1913 o frente a terceros, de cualesquiera da\u00f1os y perjuicios que pudieran causarse como consecuencia del incumplimiento de dicha obligaci\u00f3n.<\/p>\n<p>Cualquier utilizaci\u00f3n distinta a la autorizada est\u00e1 expresamente prohibida, pudiendo AGP ATELIER 1913 denegar o retirar el acceso y su uso en cualquier momento.<\/p>\n<h2><strong>1. IDENTIFICACI\u00d3N\u00a0<\/strong><\/h2>\n<p>AGP ATELIER 1913, en cumplimiento de la Ley 34\/2002, de 11 de julio, de Servicios de la Sociedad de la Informaci\u00f3n y de Comercio Electr\u00f3nico, le informa de que:<\/p>\n<p>\u00b7 Su denominaci\u00f3n social es: AGP ATELIER 1913, S.L.<br \/>\n\u00b7 Su nombre comercial es: AGP ATELIER 1913<br \/>\n\u00b7 Su CIF es: B66898610.<br \/>\n\u00b7 Su domicilio social est\u00e1 en: c\/ Viladomat, 97 \u2013 08015 BARCELONA (ESPA\u00d1A).<\/p>\n<h2><strong>2. COMUNICACIONES\u00a0<\/strong><\/h2>\n<p>Para comunicarse con nosotros, ponemos a su disposici\u00f3n diferentes medios de contacto que detallamos a continuaci\u00f3n:<\/p>\n<p>\u00b7 Tfno: 679 19 60 55.<br \/>\n\u00b7 Email: info@annamaldonadojoyas.com.<br \/>\n\u00b7 Direcci\u00f3n postal: c\/ Viladomat, 97 \u2013 08015 BARCELONA (ESPA\u00d1A).<\/p>\n<p>Todas las notificaciones y comunicaciones entre los usuarios y AGP ATELIER 1913 se considerar\u00e1n eficaces, a todos los efectos, cuando se realicen a trav\u00e9s de cualquier medio de los detallados anteriormente.<\/p>\n<h2><strong>3. CONDICIONES DE ACCESO Y UTILIZACI\u00d3N<\/strong><\/h2>\n<p>El sitio web y sus servicios son de acceso libre y gratuito. No obstante, AGP ATELIER 1913 puede condicionar la utilizaci\u00f3n de algunos de los servicios ofrecidos en su web a la previa cumplimentaci\u00f3n del correspondiente formulario.<\/p>\n<p>El usuario garantiza la autenticidad y actualidad de todos aquellos datos que comunique a AGP ATELIER 1913 y ser\u00e1 el \u00fanico responsable de las manifestaciones falsas o inexactas que realice.<\/p>\n<p>El usuario se compromete expresamente a hacer un uso adecuado de los contenidos y servicios de AGP ATELIER 1913 y a no emplearlos para, entre otros:<\/p>\n<p>a) Difundir contenidos delictivos, violentos, pornogr\u00e1ficos, racistas, xen\u00f3fobos, ofensivos, de apolog\u00eda del terrorismo o, en general, contrarios a la ley o al orden p\u00fablico.<br \/>\nb) Introducir en la red virus inform\u00e1ticos o realizar actuaciones susceptibles de alterar, estropear, interrumpir o generar errores o da\u00f1os en los documentos electr\u00f3nicos, datos o sistemas f\u00edsicos y l\u00f3gicos de AGP ATELIER 1913 o de terceras personas; as\u00ed como obstaculizar el acceso de otros usuarios al sitio web y a sus servicios mediante el consumo masivo de los recursos inform\u00e1ticos a trav\u00e9s de los cuales AGP ATELIER 1913 presta sus servicios.<br \/>\nc) Intentar acceder a las cuentas de correo electr\u00f3nico de otros usuarios o a \u00e1reas restringidas de los sistemas inform\u00e1ticos de AGP ATELIER 1913 o de terceros y, en su caso, extraer informaci\u00f3n.<br \/>\nd) Vulnerar los derechos de propiedad intelectual o industrial, as\u00ed como violar la confidencialidad de la informaci\u00f3n de AGP ATELIER 1913 o de terceros.<br \/>\ne) Suplantar la identidad de cualquier otro usuario.<br \/>\nf) Reproducir, copiar, distribuir, poner a disposici\u00f3n de, o cualquier otra forma de comunicaci\u00f3n p\u00fablica, transformar o modificar los contenidos, a menos que se cuente con la autorizaci\u00f3n del titular de los correspondientes derechos o ello resulte legalmente permitido.<br \/>\ng) Recabar datos con finalidad publicitaria y de remitir publicidad de cualquier clase y comunicaciones con fines de venta u otras de naturaleza comercial sin que medie su previa solicitud o consentimiento.<\/p>\n<p>Todos los contenidos del sitio web, como textos, fotograf\u00edas, gr\u00e1ficos, im\u00e1genes, iconos, tecnolog\u00eda, software, as\u00ed como su dise\u00f1o gr\u00e1fico y c\u00f3digos fuente, constituyen una obra cuya propiedad pertenece a AGP ATELIER 1913, sin que puedan entenderse cedidos al usuario ninguno de los derechos de explotaci\u00f3n sobre los mismos m\u00e1s all\u00e1 de lo estrictamente necesario para el correcto uso de la web.<\/p>\n<p>En definitiva, los usuarios que accedan a este sitio web pueden visualizar los contenidos y efectuar, en su caso, copias privadas autorizadas siempre que los elementos reproducidos no sean cedidos posteriormente a terceros, ni se instalen a servidores conectados a redes, ni sean objeto de ning\u00fan tipo de explotaci\u00f3n.<\/p>\n<p>Asimismo, todas las marcas, nombres comerciales o signos distintivos de cualquier clase que aparecen en el sitio web son propiedad de AGP ATELIER 1913, sin que pueda entenderse que el uso o acceso al mismo atribuya al usuario derecho alguno sobre los mismos.<\/p>\n<p>La distribuci\u00f3n, modificaci\u00f3n, cesi\u00f3n o comunicaci\u00f3n p\u00fablica de los contenidos y cualquier otro acto que no haya sido expresamente autorizado por el titular de los derechos de explotaci\u00f3n quedan prohibidos.<\/p>\n<p>El establecimiento de un hiperv\u00ednculo no implica en ning\u00fan caso la existencia de relaciones entre AGP ATELIER 1913 y el propietario del sitio web en la que se establezca, ni la aceptaci\u00f3n y aprobaci\u00f3n por parte de AGP ATELIER 1913 de sus contenidos o servicios.<\/p>\n<p>AGP ATELIER 1913 no se responsabiliza del uso que cada usuario le d\u00e9 a los materiales puestos a disposici\u00f3n en este sitio web ni de las actuaciones que realice en base a los mismos.<\/p>\n<p><strong>3.1 EXCLUSI\u00d3N DE GARANT\u00cdAS Y DE RESPONSABILIDAD EN EL ACCESO Y LA UTILIZACI\u00d3N\u00a0<\/strong><\/p>\n<p>El contenido del presente sitio web es de car\u00e1cter general y tiene una finalidad meramente informativa, sin que se garantice plenamente el acceso a todos los contenidos, ni su exhaustividad, correcci\u00f3n, vigencia o actualidad, ni su idoneidad o utilidad para un objetivo espec\u00edfico.<\/p>\n<p>AGP ATELIER 1913 excluye, hasta donde permite el ordenamiento jur\u00eddico, cualquier responsabilidad por los da\u00f1os y perjuicios de toda naturaleza derivados de:<\/p>\n<p>a) La imposibilidad de acceso al sitio web o la falta de veracidad, exactitud, exhaustividad y\/o actualidad de los contenidos, as\u00ed como la existencia de vicios y defectos de toda clase de los contenidos transmitidos, difundidos, almacenados, puestos a disposici\u00f3n, a los que se haya accedido a trav\u00e9s del sitio web o de los servicios que se ofrecen.<br \/>\nb) La presencia de virus o de otros elementos en los contenidos que puedan producir alteraciones en los sistemas inform\u00e1ticos, documentos electr\u00f3nicos o datos de los usuarios.<br \/>\nc) El incumplimiento de las leyes, la buena fe, el orden p\u00fablico, los usos del tr\u00e1fico y el presente aviso legal como consecuencia del uso incorrecto del sitio web. En particular, y a modo ejemplificativo, AGP ATELIER 1913 no se hace responsable de las actuaciones de terceros que vulneren derechos de propiedad intelectual e industrial, secretos empresariales, derechos al honor, a la intimidad personal y familiar y a la propia imagen, as\u00ed como la normativa en materia de competencia desleal y publicidad il\u00edcita.<\/p>\n<p>Asimismo, AGP ATELIER 1913 declina cualquier responsabilidad respecto a la informaci\u00f3n que se halle fuera de esta web y no sea gestionada directamente por nuestro webmaster. La funci\u00f3n de los links que aparecen en esta web es exclusivamente la de informar al usuario sobre la existencia de otras fuentes susceptibles de ampliar los contenidos que ofrece este sitio web. AGP ATELIER 1913 no garantiza ni se responsabiliza del funcionamiento o accesibilidad de los sitios enlazados; ni sugiere, invita o recomienda la visita a los mismos, por lo que tampoco ser\u00e1 responsable del resultado obtenido. AGP ATELIER 1913 no se responsabiliza del establecimiento de hiperv\u00ednculos por parte de terceros.<\/p>\n<p><strong>3.2 PROCEDIMIENTO EN CASO DE REALIZACI\u00d3N DE ACTIVIDADES DE CAR\u00c1CTER IL\u00cdCITO\u00a0<\/strong><\/p>\n<p>En el caso de que cualquier usuario o un tercero considere que existen hechos o circunstancias que revelen el car\u00e1cter il\u00edcito de la utilizaci\u00f3n de cualquier contenido y\/o de la realizaci\u00f3n de cualquier actividad en las p\u00e1ginas web incluidas o accesibles a trav\u00e9s del sitio web, deber\u00e1 enviar una notificaci\u00f3n a AGP ATELIER 1913 identific\u00e1ndose debidamente y especificando las supuestas infracciones.<\/p>\n<p><strong>3.3 PUBLICACIONES<\/strong><\/p>\n<p>La informaci\u00f3n administrativa facilitada a trav\u00e9s del sitio web no sustituye la publicidad legal de las leyes, normativas, planes, disposiciones generales y actos que tengan que ser publicados formalmente a los diarios oficiales de las administraciones p\u00fablicas, que constituyen el \u00fanico instrumento que da fe de su autenticidad y contenido. La informaci\u00f3n disponible en este sitio web debe entenderse como una gu\u00eda sin prop\u00f3sito de validez legal.<\/p>\n<h2><strong>4. LEGISLACI\u00d3N APLICABLE\u00a0<\/strong><\/h2>\n<p>Las condiciones presentes se regir\u00e1n por la legislaci\u00f3n espa\u00f1ola vigente. La lengua utilizada ser\u00e1 el Castellano.<\/p>\n<h2><strong>5. POL\u00cdTICA DE PRIVACIDAD\u00a0<\/strong><\/h2>\n<p>\u00bfQui\u00e9n es el responsable del tratamiento de sus datos?<\/p>\n<p>AGP ATELIER 1913, S.L.<br \/>\nB66898610<br \/>\nc\/ Viladomat, 97 \u2013 08015 BARCELONA.<\/p>\n<p>\u00bfCu\u00e1les son sus derechos cuando nos facilita sus datos?<br \/>\nCualquier persona tiene derecho a obtener confirmaci\u00f3n sobre si en AGP ATELIER 1913 estamos tratando, o no, datos personales que les conciernan.<\/p>\n<p>Las personas interesadas tienen derecho a acceder a sus datos personales, as\u00ed como a solicitar la rectificaci\u00f3n de los datos inexactos o, en su caso, solicitar su supresi\u00f3n cuando, entre otros motivos, los datos ya no sean necesarios para los fines que fueron recogidos. Igualmente tiene derecho a la portabilidad de sus datos.<\/p>\n<p>En determinadas circunstancias, los interesados podr\u00e1n solicitar la limitaci\u00f3n del tratamiento de sus datos, en cuyo caso \u00fanicamente los conservaremos para el ejercicio o la defensa de reclamaciones.<\/p>\n<p>En determinadas circunstancias y por motivos relacionados con su situaci\u00f3n particular, los interesados podr\u00e1n oponerse al tratamiento de sus datos. En este caso, AGP ATELIER 1913 dejar\u00e1 de tratar los datos, salvo por motivos leg\u00edtimos imperiosos, o el ejercicio o la defensa de posibles reclamaciones.<\/p>\n<p>Podr\u00e1 ejercitar materialmente sus derechos de la siguiente forma: dirigi\u00e9ndose al responsable del tratamiento<\/p>\n<p>Cuando se realice el env\u00edo de comunicaciones comerciales utilizando como base jur\u00eddica el inter\u00e9s leg\u00edtimo del responsable, el interesado podr\u00e1 oponerse al tratamiento de sus datos con ese fin.<\/p>\n<p>El consentimiento otorgado es para todas las finalidades indicadas cuya base legal es el consentimiento d el interesado. Tiene derecho a retirar dicho consentimiento en cualquier momento, sin que ello afecte a la licitud del tratamiento basado en el consentimiento previo a su retirada.<\/p>\n<p>En caso de que sienta vulnerados sus derechos en lo concerniente a la protecci\u00f3n de sus datos personales, especialmente cuando no haya obtenido satisfacci\u00f3n en el ejercicio de sus derechos, puede presentar una reclamaci\u00f3n ante la Autoridad de Control en materia de Protecci\u00f3n de Datos competente a trav\u00e9s de su sitio web: <a href=\"http:\/\/www.aepd.es\" rel=\"nofollow\">http:\/\/www.aepd.es<\/a>.<\/p>\n<p><strong>5.1. Tratamiento de los datos personales de potenciales clientes y contactos v\u00eda web\u00a0<\/strong><\/p>\n<p>\u00bfCon qu\u00e9 finalidad tratamos sus datos personales?<br \/>\nEn AGP ATELIER 1913 tratamos la informaci\u00f3n que nos facilitan las personas interesadas con el fin de atender su solicitud y enviarle comunicaciones comerciales, as\u00ed como nuestros boletines.<\/p>\n<p>\u00bfPor cu\u00e1nto tiempo conservaremos sus datos?<br \/>\nLos datos se conservar\u00e1n mientras el interesado no solicite su supresi\u00f3n.<\/p>\n<p>\u00bfCu\u00e1l es la legitimaci\u00f3n para el tratamiento de sus datos?<br \/>\nLe indicamos la base legal para el tratamiento de sus datos:<br \/>\n\u00b7 Ejecuci\u00f3n de un contrato: Prestaci\u00f3n de los servicios solicitados<br \/>\n\u00b7 Consentimiento del interesado: Atender su solicitud y enviarle comunicaciones comerciales, as\u00ed como nuestros boletines.<\/p>\n<p>\u00bfA qu\u00e9 destinatarios se comunicar\u00e1n sus datos?<br \/>\nNo se ceder\u00e1n datos a terceros, salvo obligaci\u00f3n legal.<\/p>\n<p class=\"translation-block\">Transferencias de datos a terceros pa\u00edses.<br>\nEst\u00e1n previstas las siguientes transferencias de datos a terceros pa\u00edses:<br>\n\u00b7 Microsoft Corporation, con la finalidad de copia de seguridad de los datos. La garant\u00eda para esta transferencia se ha establecido a trav\u00e9s de: Existencia de una decisi\u00f3n de adecuaci\u00f3n de la Comisi\u00f3n. Puede consultar informaci\u00f3n adicional en: <a href=\"https:\/\/privacy.microsoft.com\/es-es\/privacystatement\" rel=\"nofollow\" target=\"_self\">https:\/\/privacy.microsoft.com\/es-es\/privacystatement<\/a><\/p>\n<p><strong>5.2 Tratamiento de los datos personales de los contactos de correo electr\u00f3nico<\/strong><\/p>\n<p>\u00bfCon qu\u00e9 finalidad tratamos sus datos personales?<br \/>\nEn AGP ATELIER 1913 tratamos la informaci\u00f3n que nos facilitan las personas interesadas con el fin de prestarle los servicios que nos ha solicitado, atender sus solicitudes de informaci\u00f3n y enviarle comunicaciones comerciales.<\/p>\n<p>\u00bfPor cu\u00e1nto tiempo conservaremos sus datos?<br \/>\nLos datos se conservar\u00e1n mientras el interesado no solicite su supresi\u00f3n.<\/p>\n<p>\u00bfCu\u00e1l es la legitimaci\u00f3n para el tratamiento de sus datos?<br \/>\nLe indicamos la base legal para el tratamiento de sus datos:<br \/>\n\u00b7 Ejecuci\u00f3n de contrato: Prestaci\u00f3n los servicios solicitados<br \/>\n\u00b7 Inter\u00e9s leg\u00edtimo del responsable: Env\u00edo de comunicaciones comerciales sobre nuestros servicios y\/o productos.<br \/>\n\u00b7 Consentimiento del Interesado: Env\u00edo de comunicaciones comerciales sobre nuestros servicios y\/o productos en base a solicitudes previas mantenidas con el responsables del tratamiento.<\/p>\n<p>\u00bfA qu\u00e9 destinatarios se comunicar\u00e1n sus datos?<br \/>\nNo se ceder\u00e1n datos a terceros, salvo obligaci\u00f3n legal.<\/p>\n<p>Transferencias de datos a terceros pa\u00edses: No est\u00e1n previstas transferencias de datos a terceros pa\u00edses.<\/p>\n<p><strong>5.3. Tratamiento de los datos personales de videovigilancia\u00a0<\/strong><\/p>\n<p>\u00bfCon qu\u00e9 finalidad tratamos sus datos personales?<br \/>\nEn AGP ATELIER 1913 tratamos la informaci\u00f3n que nos facilitan las personas interesadas con el fin de garantizar la seguridad de personas, bienes e instalaciones. No se van a tomar decisiones automatizadas en base de datos proporcionados.<\/p>\n<p>\u00bfPor cu\u00e1nto tiempo conservaremos sus datos?<br \/>\nLos datos se conservar\u00e1n un m\u00e1ximo de 30 d\u00edas, salvo comunicaci\u00f3n a Fuerzas y Cuerpos de Seguridad, y\/o Juzgados y Tribunales.<\/p>\n<p>\u00bfCu\u00e1l es la legitimaci\u00f3n para el tratamiento de sus datos?<br \/>\nLe indicamos la base legal para el tratamiento de sus datos:<br \/>\n\u00b7 Misi\u00f3n en Inter\u00e9s p\u00fablico: Garantizar la seguridad de personas, bienes e instalaciones.<\/p>\n<p>\u00bfA qu\u00e9 destinatarios se comunicar\u00e1n sus datos?<br \/>\nLos datos se comunicar\u00e1n a los siguientes destinatarios:<br \/>\n\u00b7 En su caso, las fuerzas y cuerpos de seguridad del Estado, as\u00ed como Juzgados y Tribunales, con la finalidad de aportar las im\u00e1genes si se ha cometido un delito.<\/p>\n<p>Transferencias de datos a terceros pa\u00edses: No est\u00e1n previstas transferencias de datos a terceros pa\u00edses.<\/p>\n<p><strong>5.4. Tratamiento de los datos personales de comentarios de la p\u00e1gina web\u00a0<\/strong><\/p>\n<p>\u00bfCon qu\u00e9 finalidad tratamos sus datos personales?<br \/>\nEn AGP ATELIER 1913 tratamos la informaci\u00f3n que nos facilitan las personas interesadas con el fin de atender su solicitud, como la inserci\u00f3n de comentarios en nuestra p\u00e1gina web, y enviarle comunicaciones comerciales.<\/p>\n<p>\u00bfPor cu\u00e1nto tiempo conservaremos sus datos?<br \/>\nLos datos se conservar\u00e1n mientras el interesado no solicite su supresi\u00f3n.<\/p>\n<p>\u00bfCu\u00e1l es la legitimaci\u00f3n para el tratamiento de sus datos?<br \/>\nLe indicamos la base legal para el tratamiento de sus datos:<br \/>\n\u00b7 Ejecuci\u00f3n de un contrato: Prestaci\u00f3n de los servicios solicitados.<br \/>\n\u00b7 Consentimiento del interesado: Atender su solicitud y enviarle comunicaciones comerciales.<\/p>\n<p>\u00bfA qu\u00e9 destinatarios se comunicar\u00e1n sus datos?<br \/>\nNo se ceder\u00e1n datos a terceros, salvo obligaci\u00f3n legal.<\/p>\n<p>Transferencias de datos a terceros pa\u00edses: No est\u00e1n previstas transferencias de datos a terceros pa\u00edses.<\/p>","protected":false},"excerpt":{"rendered":"<p>OBJETO\u00a0 El presente aviso legal regula el uso y utilizaci\u00f3n del sitio web <a href=\"https:\/\/annamaldonadojoyas.com\/en\/\" rel=\"nofollow\">http:\/\/www.annamaldonadojoyas.com<\/a>, del que es titular AGP ATELIER 1913, S.L. (en adelante, AGP &hellip; <\/p>","protected":false},"author":187014957,"featured_media":0,"parent":0,"menu_order":0,"comment_status":"closed","ping_status":"closed","template":"","meta":{"_crdt_document":"","advanced_seo_description":"","jetpack_seo_html_title":"","jetpack_seo_noindex":false,"jetpack_post_was_ever_published":false,"footnotes":""},"class_list":["post-2031","page","type-page","status-publish","hentry","latest_post"],"jetpack_likes_enabled":false,"jetpack_sharing_enabled":true,"jetpack_shortlink":"https:\/\/wp.me\/Pc3c7q-wL","amp_enabled":true,"_links":{"self":[{"href":"https:\/\/annamaldonadojoyas.com\/en\/wp-json\/wp\/v2\/pages\/2031","targetHints":{"allow":["GET"]}}],"collection":[{"href":"https:\/\/annamaldonadojoyas.com\/en\/wp-json\/wp\/v2\/pages"}],"about":[{"href":"https:\/\/annamaldonadojoyas.com\/en\/wp-json\/wp\/v2\/types\/page"}],"author":[{"embeddable":true,"href":"https:\/\/annamaldonadojoyas.com\/en\/wp-json\/wp\/v2\/users\/187014957"}],"replies":[{"embeddable":true,"href":"https:\/\/annamaldonadojoyas.com\/en\/wp-json\/wp\/v2\/comments?post=2031"}],"version-history":[{"count":7,"href":"https:\/\/annamaldonadojoyas.com\/en\/wp-json\/wp\/v2\/pages\/2031\/revisions"}],"predecessor-version":[{"id":2046,"href":"https:\/\/annamaldonadojoyas.com\/en\/wp-json\/wp\/v2\/pages\/2031\/revisions\/2046"}],"wp:attachment":[{"href":"https:\/\/annamaldonadojoyas.com\/en\/wp-json\/wp\/v2\/media?parent=2031"}],"curies":[{"name":"wp","href":"https:\/\/api.w.org\/{rel}","templated":true}]}}