{"id":2040,"date":"2021-11-04T12:08:00","date_gmt":"2021-11-04T11:08:00","guid":{"rendered":"https:\/\/annamaldonadojoyas.com\/politica-de-cookies-ue\/"},"modified":"2021-11-08T18:57:57","modified_gmt":"2021-11-08T17:57:57","slug":"politica-de-cookies-ue","status":"publish","type":"page","link":"https:\/\/annamaldonadojoyas.com\/en\/politica-de-cookies-ue\/","title":{"rendered":"Cookie Policy"},"content":{"rendered":"<h2>\u00bfQu\u00e9 son las cookies?<\/h2>\n<p>Una cookie es un fichero que se descarga en su ordenador al acceder a determinadas p\u00e1ginas web. Las cookies permiten a una p\u00e1gina web, entre otras cosas, almacenar y recuperar informaci\u00f3n sobre h\u00e1bitos de navegaci\u00f3n de un usuario o de su equipo y, dependiendo de la informaci\u00f3n que contengan y de la forma que utilice su equipo, pueden utilizarse para reconocer al usuario.<\/p>\n<h2>\u00bfPara qu\u00e9 utiliza las cookies esta p\u00e1gina web y cu\u00e1les son?<\/h2>\n<p>Esta p\u00e1gina web utiliza las cookies para una serie de finalidades, incluidas:<\/p>\n<p class=\"translation-block\">\u00b7 An\u00e1lisis estad\u00edstico: Las cookies estad\u00edsticas ayudan a los propietarios de p\u00e1ginas web a comprender c\u00f3mo interact\u00faan los visitantes con las p\u00e1ginas web reuniendo y proporcionando informaci\u00f3n como cuantificar el n\u00famero de usuarios y as\u00ed realizar la medici\u00f3n y an\u00e1lisis estad\u00edstico de la utilizaci\u00f3n que hacen los usuarios del servicio.<br>\n\u00b7 T\u00e9cnica o necesaria: Las cookies necesarias ayudan a hacer una p\u00e1gina web utilizable activando funciones b\u00e1sicas como la navegaci\u00f3n en la p\u00e1gina y el acceso a \u00e1reas seguras de la p\u00e1gina web. Permiten por ejemplo, controlar el tr\u00e1fico y la comunicaci\u00f3n de datos, acceder a partes de acceso restringido, utilizar elementos de seguridad, almacenar contenidos para poder difundir v\u00eddeos o compartir contenidos a trav\u00e9s de redes sociales. La p\u00e1gina web no puede funcionar adecuadamente sin estas cookies.<\/p>\n<p>El detalle de las cookies utilizadas en esta p\u00e1gina web es el siguiente:<\/p>\n<figure class=\"wp-block-table\">\n<table>\n<tbody>\n<tr>\n<td><strong>Cookies<\/strong><\/td>\n<td><strong>Nombre<\/strong><\/td>\n<td><strong>Tipo<\/strong><\/td>\n<td><strong>Prop\u00f3sito<\/strong><\/td>\n<td><strong>M\u00e1s informaci\u00f3n<\/strong><\/td>\n<\/tr>\n<tr>\n<td>_1P_JAR<\/td>\n<td>An\u00e1lisis Google<\/td>\n<td>De terceros<\/td>\n<td>Recoger informaci\u00f3n sobre la navegaci\u00f3n de los usuarios por el sitio con el fin de conocer el origen de las visitas y otros datos similares a nivel estad\u00edstico.<\/td>\n<td>Centro de privacidad de Google: <a href=\"https:\/\/policies.google.com\/technologies\/cookies?hl=es\" rel=\"nofollow\">https:\/\/policies.google.com\/technologies\/cookies?hl=es<\/a><\/td>\n<\/tr>\n<tr>\n<td>_NID _CGIC _SNID<\/td>\n<td>Preferencia Google<\/td>\n<td>De terceros<\/td>\n<td>Estas cookies son utilizadas por Google para diferentes prop\u00f3sitos, como el seguimiento de las preferencias y la publicidad<\/td>\n<td>Centro de privacidad de Google: <a href=\"https:\/\/policies.google.com\/technologies\/cookies?hl=es\" rel=\"nofollow\">https:\/\/policies.google.com\/technologies\/cookies?hl=es<\/a><\/td>\n<\/tr>\n<tr>\n<td>_NID _CONSENT _ANID<br \/>\n_DV<\/td>\n<td>Publicitaria Google<\/td>\n<td>De terceros<\/td>\n<td>Cookies de Google sirven para personaliza los anuncios, por ejemplo; recordar tus b\u00fasquedas m\u00e1s recientes, tus interacciones anteriores con los resultados de b\u00fasqueda o con la publicidad de un anunciante y tus visitas al sitio web de un anunciante.<\/td>\n<td>Centro de privacidad de Google: <a href=\"https:\/\/policies.google.com\/technologies\/cookies?hl=es\" rel=\"nofollow\">https:\/\/policies.google.com\/technologies\/cookies?hl=es<\/a><\/td>\n<\/tr>\n<tr>\n<td>_player __vuid<\/td>\n<td>Preferencia Vimeo<\/td>\n<td>De terceros<\/td>\n<td>El reproductor Vimeo incorporado utiliza estas cookies para verificar si el usuario ha seleccionado ciertas funciones o preferencias.<\/td>\n<td>Centro de privacidad de Vimeo: <a href=\"https:\/\/vimeo.com\/privacy\" rel=\"nofollow\">https:\/\/vimeo.com\/privacy<\/a><\/td>\n<\/tr>\n<tr>\n<td>_icl_current_language<br \/>\n_icl_current_admin_languag<br \/>\ne_d4148cd98f00b 204e<\/td>\n<td>Preferencia annamaldonadojoyas.com<\/td>\n<td>Propias<\/td>\n<td>Muestran el contenido en el idioma del navegador del usuario.<\/td>\n<td>En la propia p\u00e1gina web.<\/td>\n<\/tr>\n<tr>\n<td>cookie_notice_accepted<\/td>\n<td>T\u00e9cnica annamaldonadojoyas.com<\/td>\n<td>Propias<\/td>\n<td>Cookies de uso interno necesaria para el funcionamiento de la visualizaci\u00f3n de la pol\u00edtica de cookies de la web.<\/td>\n<td>En la propia p\u00e1gina web.<\/td>\n<\/tr>\n<\/tbody>\n<\/table>\n<\/figure>\n<p>Nota: Las cookies de tipo \u2018Propias\u2019 son utilizadas s\u00f3lo por el propietario de esta web y las cookies \u2018De terceros\u2019 son utilizadas, por el prestador del servicio que est\u00e1 detallado en el cuadro anterior.<\/p>\n<h2>\u00bfC\u00f3mo puedo desactivar o eliminar estas cookies?<\/h2>\n<p>Puede usted permitir, bloquear o eliminar las cookies instaladas en su equipo mediante la configuraci\u00f3n de las opciones del navegador instalado en su ordenador:<\/p>\n<p>Firefox<br \/>\n<a href=\"http:\/\/support.mozilla.org\/es\/kb\/habilitar-y-deshabilitar-cookies-que-los-sitios-we\" rel=\"nofollow\">http:\/\/support.mozilla.org\/es\/kb\/habilitar-y-deshabilitar-cookies-que-los-sitios-we<\/a><\/p>\n<p>Chrome<br \/>\n<a href=\"http:\/\/support.google.com\/chrome\/bin\/answer.py?hl=es&#038;answer=95647\" rel=\"nofollow\">http:\/\/support.google.com\/chrome\/bin\/answer.py?hl=es&#038;answer=95647<\/a><\/p>\n<p>Explorer<br \/>\n<a href=\"http:\/\/windows.microsoft.com\/es-es\/windows7\/how-to-manage-cookies-in-internet-explorer-9\" rel=\"nofollow\">http:\/\/windows.microsoft.com\/es-es\/windows7\/how-to-manage-cookies-in-internet-explorer-9<\/a><\/p>\n<p>Safari<br \/>\n<a href=\"http:\/\/support.apple.com\/kb\/ph5042\" rel=\"nofollow\">http:\/\/support.apple.com\/kb\/ph5042<\/a><\/p>\n<p>Opera<br \/>\n<a href=\"http:\/\/help.opera.com\/Windows\/11.50\/es-ES\/cookies.html\" rel=\"nofollow\">http:\/\/help.opera.com\/Windows\/11.50\/es-ES\/cookies.html<\/a><\/p>\n<p class=\"translation-block\">Otros navegadores:<br>\nConsulte la documentaci\u00f3n del navegador que tenga instalado.<br>\nComplemento de inhabilitaci\u00f3n para navegadores de Google Analytics<\/p>\n<p class=\"translation-block\">Si desea rechazar las cookies anal\u00edticas de Google Analytics en todos los navegadores, de forma que no se env\u00ede informaci\u00f3n suya a Google Analytics, puede descargar un complemento que realiza esta funci\u00f3n desde este enlace: <a href=\"https:\/\/tools.google.com\/dlpage\/gaoptout\" rel=\"nofollow\" target=\"_self\">https:\/\/tools.google.com\/dlpage\/gaoptout<\/a>.<\/p>\n<h2><\/h2>","protected":false},"excerpt":{"rendered":"<p>\u00bfQu\u00e9 son las cookies? Una cookie es un fichero que se descarga en su ordenador al acceder a determinadas p\u00e1ginas web. Las cookies permiten a &hellip; <\/p>","protected":false},"author":187014957,"featured_media":0,"parent":0,"menu_order":0,"comment_status":"closed","ping_status":"closed","template":"","meta":{"_crdt_document":"","advanced_seo_description":"","jetpack_seo_html_title":"","jetpack_seo_noindex":false,"jetpack_post_was_ever_published":false,"footnotes":""},"class_list":["post-2040","page","type-page","status-publish","hentry","latest_post"],"jetpack_likes_enabled":false,"jetpack_sharing_enabled":true,"jetpack_shortlink":"https:\/\/wp.me\/Pc3c7q-wU","amp_enabled":true,"_links":{"self":[{"href":"https:\/\/annamaldonadojoyas.com\/en\/wp-json\/wp\/v2\/pages\/2040","targetHints":{"allow":["GET"]}}],"collection":[{"href":"https:\/\/annamaldonadojoyas.com\/en\/wp-json\/wp\/v2\/pages"}],"about":[{"href":"https:\/\/annamaldonadojoyas.com\/en\/wp-json\/wp\/v2\/types\/page"}],"author":[{"embeddable":true,"href":"https:\/\/annamaldonadojoyas.com\/en\/wp-json\/wp\/v2\/users\/187014957"}],"replies":[{"embeddable":true,"href":"https:\/\/annamaldonadojoyas.com\/en\/wp-json\/wp\/v2\/comments?post=2040"}],"version-history":[{"count":2,"href":"https:\/\/annamaldonadojoyas.com\/en\/wp-json\/wp\/v2\/pages\/2040\/revisions"}],"predecessor-version":[{"id":2047,"href":"https:\/\/annamaldonadojoyas.com\/en\/wp-json\/wp\/v2\/pages\/2040\/revisions\/2047"}],"wp:attachment":[{"href":"https:\/\/annamaldonadojoyas.com\/en\/wp-json\/wp\/v2\/media?parent=2040"}],"curies":[{"name":"wp","href":"https:\/\/api.w.org\/{rel}","templated":true}]}}